
{"id":58602,"date":"2024-05-02T18:02:31","date_gmt":"2024-05-02T18:02:31","guid":{"rendered":"https:\/\/www.consolidatedcredithere.com\/?page_id=58602"},"modified":"2024-05-21T18:38:33","modified_gmt":"2024-05-21T18:38:33","slug":"gracias","status":"publish","type":"page","link":"https:\/\/www.consolidatedcredithere.com\/es\/gracias\/","title":{"rendered":"Gracias"},"content":{"rendered":"\n<div class=\"wp-block-group alignfull has-background has-global-padding is-layout-constrained wp-block-group-is-layout-constrained\" style=\"background:linear-gradient(180deg,rgb(237,240,244) 0%,rgba(255,255,255,0.34) 37%,rgba(255,255,255,0.76) 69%,rgb(237,240,244) 97%);margin-top:0;margin-bottom:0\">\n<div class=\"wp-block-group container has-global-padding is-layout-constrained wp-block-group-is-layout-constrained\" style=\"padding-top:var(--wp--preset--spacing--30);padding-bottom:var(--wp--preset--spacing--30)\">\n<p class=\"has-text-align-center has-large-font-size\"><strong>Esto es lo que dicen nuestros clientes\u2026<\/strong><\/p>\n\n\n<div class=\"tp-slider mx-auto\"><div id=\"TrustPilotSlider\" class=\"swiper-container\"><div class=\"swiper-wrapper\"><div class=\"swiper-slide\"><img decoding=\"async\" width=\"125px\" height=\"23px\" src=\"https:\/\/www.consolidatedcredithere.com\/wp-content\/themes\/msb-lpb\/public\/svg\/5star.svg\" alt=\"5 stars\"><h3 class=\"text-ccusBlue py-3\">Siempre hablos con ELLOS...<\/h3>\n                    <p>Siempre hablos con ELLOS ,son Bien professional,atentos y pacientes..lo recomendaria...<\/p>\n                    <h4 class=\"font-bold bottom-0 absolute pb-6\">Lesby Berrios<\/h4>\n                <\/div><div class=\"swiper-slide\"><img decoding=\"async\" width=\"125px\" height=\"23px\" src=\"https:\/\/www.consolidatedcredithere.com\/wp-content\/themes\/msb-lpb\/public\/svg\/5star.svg\" alt=\"5 stars\"><h3 class=\"text-ccusBlue py-3\">Buena atenci\u00f3n<\/h3>\n                    <p>Buena atenci\u00f3n<\/p>\n                    <h4 class=\"font-bold bottom-0 absolute pb-6\">Norelis Araujo<\/h4>\n                <\/div><div class=\"swiper-slide\"><img decoding=\"async\" width=\"125px\" height=\"23px\" src=\"https:\/\/www.consolidatedcredithere.com\/wp-content\/themes\/msb-lpb\/public\/svg\/5star.svg\" alt=\"5 stars\"><h3 class=\"text-ccusBlue py-3\">Buen deal!!!<\/h3>\n                    <p>Todo!!! de verdad que estoy muy agradecida que mis cuentas ya veo que estan bajando,...<\/p>\n                    <h4 class=\"font-bold bottom-0 absolute pb-6\">LUISIANA B.<\/h4>\n                <\/div><div class=\"swiper-slide\"><img decoding=\"async\" width=\"125px\" height=\"23px\" src=\"https:\/\/www.consolidatedcredithere.com\/wp-content\/themes\/msb-lpb\/public\/svg\/5star.svg\" alt=\"5 stars\"><h3 class=\"text-ccusBlue py-3\">Realmente siento que...<\/h3>\n                    <p>Realmente siento que estoy progresando en el pego de mis deudas y mi credit score...<\/p>\n                    <h4 class=\"font-bold bottom-0 absolute pb-6\">CAMILO M.<\/h4>\n                <\/div><div class=\"swiper-slide\"><img decoding=\"async\" width=\"125px\" height=\"23px\" src=\"https:\/\/www.consolidatedcredithere.com\/wp-content\/themes\/msb-lpb\/public\/svg\/5star.svg\" alt=\"5 stars\"><h3 class=\"text-ccusBlue py-3\">Excelente servicio<\/h3>\n                    <p>Muy buenos planes de financiamiento para consolidar tus deudas<\/p>\n                    <h4 class=\"font-bold bottom-0 absolute pb-6\">GUIOMAR<\/h4>\n                <\/div><div class=\"swiper-slide\"><img decoding=\"async\" width=\"125px\" height=\"23px\" src=\"https:\/\/www.consolidatedcredithere.com\/wp-content\/themes\/msb-lpb\/public\/svg\/5star.svg\" alt=\"5 stars\"><h3 class=\"text-ccusBlue py-3\">Excelente atencion y...<\/h3>\n                    <p>Excelente atencion y aclaracion de dudas <\/p>\n                    <h4 class=\"font-bold bottom-0 absolute pb-6\">JONATHAN P.<\/h4>\n                <\/div><div class=\"swiper-slide\"><img decoding=\"async\" width=\"125px\" height=\"23px\" src=\"https:\/\/www.consolidatedcredithere.com\/wp-content\/themes\/msb-lpb\/public\/svg\/5star.svg\" alt=\"5 stars\"><h3 class=\"text-ccusBlue py-3\">me han facilitado mucho...<\/h3>\n                    <p>me han facilitado mucho El manejo de mis deudas...<\/p>\n                    <h4 class=\"font-bold bottom-0 absolute pb-6\">Martin Ruiz M.<\/h4>\n                <\/div><div class=\"swiper-slide\"><img decoding=\"async\" width=\"125px\" height=\"23px\" src=\"https:\/\/www.consolidatedcredithere.com\/wp-content\/themes\/msb-lpb\/public\/svg\/5star.svg\" alt=\"5 stars\"><h3 class=\"text-ccusBlue py-3\">Me quito mucho estr\u00e9s...<\/h3>\n                    <p>Me quito mucho estr\u00e9s de pagar mucho a tener solo un pago <\/p>\n                    <h4 class=\"font-bold bottom-0 absolute pb-6\">MARICRUZ S.<\/h4>\n                <\/div><div class=\"swiper-slide\"><img decoding=\"async\" width=\"125px\" height=\"23px\" src=\"https:\/\/www.consolidatedcredithere.com\/wp-content\/themes\/msb-lpb\/public\/svg\/5star.svg\" alt=\"5 stars\"><h3 class=\"text-ccusBlue py-3\">es una forma muy segura...<\/h3>\n                    <p>es una forma muy segura de salir del problema ,grasias por su ayuda<\/p>\n                    <h4 class=\"font-bold bottom-0 absolute pb-6\">BLANCA S.<\/h4>\n                <\/div><div class=\"swiper-slide\"><img decoding=\"async\" width=\"125px\" height=\"23px\" src=\"https:\/\/www.consolidatedcredithere.com\/wp-content\/themes\/msb-lpb\/public\/svg\/5star.svg\" alt=\"5 stars\"><h3 class=\"text-ccusBlue py-3\">Hasta ahora todo va bien<\/h3>\n                    <p>Hasta ahora todo va bien<\/p>\n                    <h4 class=\"font-bold bottom-0 absolute pb-6\">GREGORY B.<\/h4>\n                <\/div><div class=\"swiper-slide\"><img decoding=\"async\" width=\"125px\" height=\"23px\" src=\"https:\/\/www.consolidatedcredithere.com\/wp-content\/themes\/msb-lpb\/public\/svg\/5star.svg\" alt=\"5 stars\"><h3 class=\"text-ccusBlue py-3\">Cumple con lo prometido...<\/h3>\n                    <p>Cumple con lo prometido es un proceso que da tranquilidad en momentos tan dif\u00edciles...<\/p>\n                    <h4 class=\"font-bold bottom-0 absolute pb-6\">CLAUDIA C.<\/h4>\n                <\/div><div class=\"swiper-slide\"><img decoding=\"async\" width=\"125px\" height=\"23px\" src=\"https:\/\/www.consolidatedcredithere.com\/wp-content\/themes\/msb-lpb\/public\/svg\/5star.svg\" alt=\"5 stars\"><h3 class=\"text-ccusBlue py-3\">Buen servicio al cliente...<\/h3>\n                    <p>Buen servicio al cliente y hasta ahora todas las cuentas estan bien<\/p>\n                    <h4 class=\"font-bold bottom-0 absolute pb-6\">JORGE A.<\/h4>\n                <\/div><div class=\"swiper-slide\"><img decoding=\"async\" width=\"125px\" height=\"23px\" src=\"https:\/\/www.consolidatedcredithere.com\/wp-content\/themes\/msb-lpb\/public\/svg\/5star.svg\" alt=\"5 stars\"><h3 class=\"text-ccusBlue py-3\">Una excelente...<\/h3>\n                    <p>Una excelente oportunidad de crecer financieramente<\/p>\n                    <h4 class=\"font-bold bottom-0 absolute pb-6\">KRYSTALIDA RIVERA<\/h4>\n                <\/div><div class=\"swiper-slide\"><img decoding=\"async\" width=\"125px\" height=\"23px\" src=\"https:\/\/www.consolidatedcredithere.com\/wp-content\/themes\/msb-lpb\/public\/svg\/5star.svg\" alt=\"5 stars\"><h3 class=\"text-ccusBlue py-3\">Respirar aire fresco sin...<\/h3>\n                    <p>La experiencia obtenida en esta traves\u00eda con esta deuda que ten\u00eda se basa en el...<\/p>\n                    <h4 class=\"font-bold bottom-0 absolute pb-6\">Sergio Jimenez<\/h4>\n                <\/div><\/div>\n    <div class=\"swiper-pagination\"><\/div>\n    <div class=\"swiper-button-prev absolute\"><\/div>\n    <div class=\"swiper-button-next absolute\"><\/div>\n    <\/div><\/div>\n    <div class=\"text-center\">\n    <p class=\"text-sm pt-5 sm:pt-0\">Mostrando nuestras calificaciones de 4 y 5 estrellas<\/p>\n    <div class=\"inline-block\"><img decoding=\"async\" src=\"https:\/\/www.consolidatedcredithere.com\/wp-content\/themes\/msb-lpb\/public\/svg\/trustpilot-green-bigger.svg\" alt=\"Trustpilot\" loading=\"lazy\" width=\"125px\" height=\"56px\"><\/div>\n    <\/div>\n\n\n<div class=\"tp-points-container text-center\">\n              <div class=\"flex items-center text-base justify-center flex-col sm:flex-row\">\n                  <p class=\"h3 font-bold sm:px-6\">Mejor calificaci\u00f3n: 5<\/p>\n                  <p class=\"h3 font-bold sm:px-6\">Puntuaci\u00f3n Media: 4.7<\/p>\n                  <p class=\"h3 font-bold sm:px-6\">Total de Personas que han opinado: 9154<\/p>\n              <\/div>\n          <\/div>\n\n\n\n<p class=\"has-text-align-center\" style=\"padding-top:var(--wp--preset--spacing--30)\"><a href=\"https:\/\/www.trustpilot.com\/review\/consolidatedcredit.org?utm_medium=Trustbox&amp;utm_source=Carousel\" target=\"_blank\" rel=\"noreferrer noopener\"><\/a><a href=\"https:\/\/www.trustpilot.com\/review\/consolidatedcredit.org?utm_medium=Trustbox&amp;utm_source=Carousel\">Visite los comentarios de nuestros clientes desde Trustpilot \u00bb<\/a><\/p>\n<\/div>\n<\/div>\n\n\n\n<div class=\"wp-block-group text-center has-global-padding is-layout-constrained wp-block-group-is-layout-constrained\" style=\"padding-top:var(--wp--preset--spacing--40);padding-bottom:var(--wp--preset--spacing--40)\">\n<h2 class=\"wp-block-heading\">Personas que hemos ayudado\u2026<\/h2>\n\n\n\n<div class=\"wp-block-columns is-layout-flex wp-container-core-columns-is-layout-28f84493 wp-block-columns-is-layout-flex\">\n<div class=\"wp-block-column is-layout-flow wp-block-column-is-layout-flow\">\n<figure class=\"wp-block-image aligncenter size-full\"><img decoding=\"async\" src=\"https:\/\/www.consolidatedcredithere.com\/wp-content\/uploads\/2025\/05\/Roxann.png\" alt=\"Roxann\" class=\"wp-image-58537\"\/><\/figure>\n\n\n\n<h4 class=\"wp-block-heading\">Roxann<\/h4>\n\n\n\n<h5 class=\"wp-block-heading\">Wichita Falls, TX<\/h5>\n\n\n\n<p>\u201cConsolidated Credit es lo mejor que pude haber hecho. Fueron honestos, cuidadosos y comprensivos conmigo. Los he recomendado una y otra vez.\u201d<\/p>\n<\/div>\n\n\n\n<div class=\"wp-block-column is-layout-flow wp-block-column-is-layout-flow\">\n<figure class=\"wp-block-image aligncenter size-full\"><img decoding=\"async\" src=\"https:\/\/www.consolidatedcredithere.com\/wp-content\/uploads\/2025\/05\/Christopher.png\" alt=\"Christopher\" class=\"wp-image-58539\"\/><\/figure>\n\n\n\n<h4 class=\"wp-block-heading\">Christopher<\/h4>\n\n\n\n<h5 class=\"wp-block-heading\">New York, NY<\/h5>\n\n\n\n<p>\u201cConsolidated Credit me ayud\u00f3 a salir de las deudas r\u00e1pidamente. Los representantes de servicio al cliente son muy amables y comprensivos. Su programa de manejo de deudas es el mejor.\u201d<\/p>\n<\/div>\n\n\n\n<div class=\"wp-block-column is-layout-flow wp-block-column-is-layout-flow\">\n<figure class=\"wp-block-image aligncenter size-full\"><img decoding=\"async\" src=\"https:\/\/www.consolidatedcredithere.com\/wp-content\/uploads\/2025\/05\/Denise.png\" alt=\"Denise\" class=\"wp-image-58541\"\/><\/figure>\n\n\n\n<h4 class=\"wp-block-heading\">Denise<\/h4>\n\n\n\n<h5 class=\"wp-block-heading\">Valencia, CA<\/h5>\n\n\n\n<p>\u201cConsolid\u00e9 mis tarjetas de cr\u00e9dito de manera tan r\u00e1pida y eficiente con este programa. \u00a1Consolidated Credit lo hizo todo tan f\u00e1cil!\u201d<\/p>\n<\/div>\n<\/div>\n\n\n\n<p class=\"has-small-font-size\">*Todos los testimonios son de nuestros clientes. Nosotros respetamos la privacidad de nuestros clientes Por solicitud de ellos, algunas de las fotos usadas pueden no ser fotos actuales del cliente.<\/p>\n<\/div>\n\n\n\n<div class=\"wp-block-group alignfull has-background has-global-padding is-layout-constrained wp-block-group-is-layout-constrained\" style=\"background-color:#eef2f5;padding-top:var(--wp--preset--spacing--40);padding-bottom:var(--wp--preset--spacing--40)\">\n<div class=\"wp-block-group has-global-padding is-layout-constrained wp-block-group-is-layout-constrained\" style=\"padding-top:var(--wp--preset--spacing--30)\">\n<h2 class=\"wp-block-heading has-text-align-center has-cc-primary-color has-text-color has-link-color wp-elements-0184cd3860c21754df3c6eb96e203487\">C\u00f3mo Consolidated Credit le Ayuda Ahorrar Dinero<\/h2>\n\n\n\n<div class=\"wp-block-columns text-center is-layout-flex wp-container-core-columns-is-layout-7fc3d43a wp-block-columns-is-layout-flex\">\n<div class=\"wp-block-column is-layout-flow wp-block-column-is-layout-flow\">\n<figure class=\"wp-block-image aligncenter size-full\"><img decoding=\"async\" src=\"https:\/\/staging-drowninginbills-staging.kinsta.cloud\/wp-content\/uploads\/2024\/04\/image-16.png\" alt=\"Evaluate Your Debt\" class=\"wp-image-58878\"\/><\/figure>\n\n\n\n<h3 class=\"wp-block-heading\" id=\"h-evaluate-your-debt\">Evaluar su Deuda<\/h3>\n\n\n\n<p>Un consejero de cr\u00e9dito certificado eval\u00faa su deuda sin ning\u00fan costo.<\/p>\n<\/div>\n\n\n\n<div class=\"wp-block-column is-layout-flow wp-block-column-is-layout-flow\">\n<figure class=\"wp-block-image aligncenter size-full\"><img decoding=\"async\" src=\"https:\/\/staging-drowninginbills-staging.kinsta.cloud\/wp-content\/uploads\/2024\/04\/image-15.png\" alt=\"Find Your Solution\" class=\"wp-image-58876\"\/><\/figure>\n\n\n\n<h3 class=\"wp-block-heading\" id=\"h-find-your-solution\">Encuentra la Soluci\u00f3n para Usted<\/h3>\n\n\n\n<p>Trabajando juntos lo ayudaremos a encontrar la mejor soluci\u00f3n para su situaci\u00f3n.<\/p>\n<\/div>\n\n\n\n<div class=\"wp-block-column is-layout-flow wp-block-column-is-layout-flow\">\n<figure class=\"wp-block-image aligncenter size-full\"><img decoding=\"async\" src=\"https:\/\/staging-drowninginbills-staging.kinsta.cloud\/wp-content\/uploads\/2024\/04\/image-14.png\" alt=\"Sign Up\" class=\"wp-image-58874\"\/><\/figure>\n\n\n\n<h3 class=\"wp-block-heading\" id=\"h-sign-up\">Tome la decisi\u00f3n<\/h3>\n\n\n\n<p>Tome la decisi\u00f3n inmediatamente para que la soluci\u00f3n a sus problemas empiece a trabajar hoy mismo.<\/p>\n<\/div>\n<\/div>\n\n\n\n<div class=\"wp-block-group text-center has-global-padding is-layout-constrained wp-block-group-is-layout-constrained\" style=\"padding-top:var(--wp--preset--spacing--40);padding-bottom:var(--wp--preset--spacing--40)\">\n<h4 class=\"wp-block-heading\">Comience hoy<\/h4>\n\n\n\n<h4 class=\"wp-block-heading\"><a class=\"tracking-phone-click\" href=\"tel:8447392906\"><span class=\"tracking-phone\">8447392906<\/span><\/a><\/h4>\n<\/div>\n<\/div>\n<\/div>\n","protected":false},"excerpt":{"rendered":"<p>Esto es lo que dicen nuestros clientes\u2026 Visite los comentarios de nuestros clientes desde Trustpilot \u00bb Personas que hemos ayudado\u2026 Roxann Wichita Falls, TX \u201cConsolidated Credit es lo mejor que pude haber hecho. Fueron honestos, cuidadosos y comprensivos conmigo. Los he recomendado una y otra vez.\u201d Christopher New York, NY \u201cConsolidated Credit me ayud\u00f3 a [&hellip;]<\/p>\n","protected":false},"author":1,"featured_media":0,"parent":58562,"menu_order":5,"comment_status":"closed","ping_status":"closed","template":"thank-you","meta":{"_acf_changed":false,"footnotes":""},"class_list":["post-58602","page","type-page","status-publish","hentry"],"acf":[],"yoast_head":"<!-- This site is optimized with the Yoast SEO plugin v26.9 - https:\/\/yoast.com\/product\/yoast-seo-wordpress\/ -->\n<title>Gracias | Consolidated Credit<\/title>\n<meta name=\"robots\" content=\"index, follow, max-snippet:-1, max-image-preview:large, max-video-preview:-1\" \/>\n<link rel=\"canonical\" href=\"https:\/\/www.consolidatedcredithere.com\/es\/gracias\/\" \/>\n<meta property=\"og:locale\" content=\"es_ES\" \/>\n<meta property=\"og:type\" content=\"article\" \/>\n<meta property=\"og:title\" content=\"Gracias | Consolidated Credit\" \/>\n<meta property=\"og:description\" content=\"Esto es lo que dicen nuestros clientes\u2026 Visite los comentarios de nuestros clientes desde Trustpilot \u00bb Personas que hemos ayudado\u2026 Roxann Wichita Falls, TX \u201cConsolidated Credit es lo mejor que pude haber hecho. Fueron honestos, cuidadosos y comprensivos conmigo. Los he recomendado una y otra vez.\u201d Christopher New York, NY \u201cConsolidated Credit me ayud\u00f3 a [&hellip;]\" \/>\n<meta property=\"og:url\" content=\"https:\/\/www.consolidatedcredithere.com\/es\/gracias\/\" \/>\n<meta property=\"og:site_name\" content=\"Consolidated Credit\" \/>\n<meta property=\"article:modified_time\" content=\"2024-05-21T18:38:33+00:00\" \/>\n<meta property=\"og:image\" content=\"https:\/\/www.consolidatedcredithere.com\/wp-content\/uploads\/2025\/05\/Roxann.png\" \/>\n<meta name=\"twitter:card\" content=\"summary_large_image\" \/>\n<meta name=\"twitter:label1\" content=\"Tiempo de lectura\" \/>\n\t<meta name=\"twitter:data1\" content=\"3 minutos\" \/>\n<script type=\"application\/ld+json\" class=\"yoast-schema-graph\">{\"@context\":\"https:\/\/schema.org\",\"@graph\":[{\"@type\":\"WebPage\",\"@id\":\"https:\/\/www.consolidatedcredithere.com\/es\/gracias\/\",\"url\":\"https:\/\/www.consolidatedcredithere.com\/es\/gracias\/\",\"name\":\"Gracias | Consolidated Credit\",\"isPartOf\":{\"@id\":\"https:\/\/www.consolidatedcredithere.com\/#website\"},\"primaryImageOfPage\":{\"@id\":\"https:\/\/www.consolidatedcredithere.com\/es\/gracias\/#primaryimage\"},\"image\":{\"@id\":\"https:\/\/www.consolidatedcredithere.com\/es\/gracias\/#primaryimage\"},\"thumbnailUrl\":\"https:\/\/www.consolidatedcredithere.com\/wp-content\/uploads\/2025\/05\/Roxann.png\",\"datePublished\":\"2024-05-02T18:02:31+00:00\",\"dateModified\":\"2024-05-21T18:38:33+00:00\",\"breadcrumb\":{\"@id\":\"https:\/\/www.consolidatedcredithere.com\/es\/gracias\/#breadcrumb\"},\"inLanguage\":\"es\",\"potentialAction\":[{\"@type\":\"ReadAction\",\"target\":[\"https:\/\/www.consolidatedcredithere.com\/es\/gracias\/\"]}]},{\"@type\":\"ImageObject\",\"inLanguage\":\"es\",\"@id\":\"https:\/\/www.consolidatedcredithere.com\/es\/gracias\/#primaryimage\",\"url\":\"https:\/\/www.consolidatedcredithere.com\/wp-content\/uploads\/2025\/05\/Roxann.png\",\"contentUrl\":\"https:\/\/www.consolidatedcredithere.com\/wp-content\/uploads\/2025\/05\/Roxann.png\"},{\"@type\":\"BreadcrumbList\",\"@id\":\"https:\/\/www.consolidatedcredithere.com\/es\/gracias\/#breadcrumb\",\"itemListElement\":[{\"@type\":\"ListItem\",\"position\":1,\"name\":\"Home\",\"item\":\"https:\/\/www.consolidatedcredithere.com\/es\/\"},{\"@type\":\"ListItem\",\"position\":2,\"name\":\"Inicio\",\"item\":\"https:\/\/www.consolidatedcredithere.com\/es\/\"},{\"@type\":\"ListItem\",\"position\":3,\"name\":\"Gracias\"}]},{\"@type\":\"WebSite\",\"@id\":\"https:\/\/www.consolidatedcredithere.com\/#website\",\"url\":\"https:\/\/www.consolidatedcredithere.com\/\",\"name\":\"Consolidated Credit\",\"description\":\"Consolidated Credit\",\"potentialAction\":[{\"@type\":\"SearchAction\",\"target\":{\"@type\":\"EntryPoint\",\"urlTemplate\":\"https:\/\/www.consolidatedcredithere.com\/?s={search_term_string}\"},\"query-input\":{\"@type\":\"PropertyValueSpecification\",\"valueRequired\":true,\"valueName\":\"search_term_string\"}}],\"inLanguage\":\"es\"}]}<\/script>\n<!-- \/ Yoast SEO plugin. -->","yoast_head_json":{"title":"Gracias | Consolidated Credit","robots":{"index":"index","follow":"follow","max-snippet":"max-snippet:-1","max-image-preview":"max-image-preview:large","max-video-preview":"max-video-preview:-1"},"canonical":"https:\/\/www.consolidatedcredithere.com\/es\/gracias\/","og_locale":"es_ES","og_type":"article","og_title":"Gracias | Consolidated Credit","og_description":"Esto es lo que dicen nuestros clientes\u2026 Visite los comentarios de nuestros clientes desde Trustpilot \u00bb Personas que hemos ayudado\u2026 Roxann Wichita Falls, TX \u201cConsolidated Credit es lo mejor que pude haber hecho. Fueron honestos, cuidadosos y comprensivos conmigo. Los he recomendado una y otra vez.\u201d Christopher New York, NY \u201cConsolidated Credit me ayud\u00f3 a [&hellip;]","og_url":"https:\/\/www.consolidatedcredithere.com\/es\/gracias\/","og_site_name":"Consolidated Credit","article_modified_time":"2024-05-21T18:38:33+00:00","og_image":[{"url":"https:\/\/www.consolidatedcredithere.com\/wp-content\/uploads\/2025\/05\/Roxann.png","type":"","width":"","height":""}],"twitter_card":"summary_large_image","twitter_misc":{"Tiempo de lectura":"3 minutos"},"schema":{"@context":"https:\/\/schema.org","@graph":[{"@type":"WebPage","@id":"https:\/\/www.consolidatedcredithere.com\/es\/gracias\/","url":"https:\/\/www.consolidatedcredithere.com\/es\/gracias\/","name":"Gracias | Consolidated Credit","isPartOf":{"@id":"https:\/\/www.consolidatedcredithere.com\/#website"},"primaryImageOfPage":{"@id":"https:\/\/www.consolidatedcredithere.com\/es\/gracias\/#primaryimage"},"image":{"@id":"https:\/\/www.consolidatedcredithere.com\/es\/gracias\/#primaryimage"},"thumbnailUrl":"https:\/\/www.consolidatedcredithere.com\/wp-content\/uploads\/2025\/05\/Roxann.png","datePublished":"2024-05-02T18:02:31+00:00","dateModified":"2024-05-21T18:38:33+00:00","breadcrumb":{"@id":"https:\/\/www.consolidatedcredithere.com\/es\/gracias\/#breadcrumb"},"inLanguage":"es","potentialAction":[{"@type":"ReadAction","target":["https:\/\/www.consolidatedcredithere.com\/es\/gracias\/"]}]},{"@type":"ImageObject","inLanguage":"es","@id":"https:\/\/www.consolidatedcredithere.com\/es\/gracias\/#primaryimage","url":"https:\/\/www.consolidatedcredithere.com\/wp-content\/uploads\/2025\/05\/Roxann.png","contentUrl":"https:\/\/www.consolidatedcredithere.com\/wp-content\/uploads\/2025\/05\/Roxann.png"},{"@type":"BreadcrumbList","@id":"https:\/\/www.consolidatedcredithere.com\/es\/gracias\/#breadcrumb","itemListElement":[{"@type":"ListItem","position":1,"name":"Home","item":"https:\/\/www.consolidatedcredithere.com\/es\/"},{"@type":"ListItem","position":2,"name":"Inicio","item":"https:\/\/www.consolidatedcredithere.com\/es\/"},{"@type":"ListItem","position":3,"name":"Gracias"}]},{"@type":"WebSite","@id":"https:\/\/www.consolidatedcredithere.com\/#website","url":"https:\/\/www.consolidatedcredithere.com\/","name":"Consolidated Credit","description":"Consolidated Credit","potentialAction":[{"@type":"SearchAction","target":{"@type":"EntryPoint","urlTemplate":"https:\/\/www.consolidatedcredithere.com\/?s={search_term_string}"},"query-input":{"@type":"PropertyValueSpecification","valueRequired":true,"valueName":"search_term_string"}}],"inLanguage":"es"}]}},"_links":{"self":[{"href":"https:\/\/www.consolidatedcredithere.com\/es\/wp-json\/wp\/v2\/pages\/58602","targetHints":{"allow":["GET"]}}],"collection":[{"href":"https:\/\/www.consolidatedcredithere.com\/es\/wp-json\/wp\/v2\/pages"}],"about":[{"href":"https:\/\/www.consolidatedcredithere.com\/es\/wp-json\/wp\/v2\/types\/page"}],"author":[{"embeddable":true,"href":"https:\/\/www.consolidatedcredithere.com\/es\/wp-json\/wp\/v2\/users\/1"}],"replies":[{"embeddable":true,"href":"https:\/\/www.consolidatedcredithere.com\/es\/wp-json\/wp\/v2\/comments?post=58602"}],"version-history":[{"count":3,"href":"https:\/\/www.consolidatedcredithere.com\/es\/wp-json\/wp\/v2\/pages\/58602\/revisions"}],"predecessor-version":[{"id":59001,"href":"https:\/\/www.consolidatedcredithere.com\/es\/wp-json\/wp\/v2\/pages\/58602\/revisions\/59001"}],"up":[{"embeddable":true,"href":"https:\/\/www.consolidatedcredithere.com\/es\/wp-json\/wp\/v2\/pages\/58562"}],"wp:attachment":[{"href":"https:\/\/www.consolidatedcredithere.com\/es\/wp-json\/wp\/v2\/media?parent=58602"}],"curies":[{"name":"wp","href":"https:\/\/api.w.org\/{rel}","templated":true}]}}