
{"id":58596,"date":"2024-05-02T16:07:55","date_gmt":"2024-05-02T16:07:55","guid":{"rendered":"https:\/\/www.consolidatedcredithere.com\/?page_id=58596"},"modified":"2024-05-02T16:09:39","modified_gmt":"2024-05-02T16:09:39","slug":"opiniones-de-clientes","status":"publish","type":"page","link":"https:\/\/www.consolidatedcredithere.com\/es\/opiniones-de-clientes\/","title":{"rendered":"Opiniones de Clientes"},"content":{"rendered":"\n<p>Trabajar con un consejero de cr\u00e9dito es una relaci\u00f3n que debe ser construida a base de confianza. Es crucial que usted se sienta c\u00f3modo y tenga confianza en su equipo de consejer\u00eda de cr\u00e9dito. De lo contrario, usted no va a encontrar la paz mental de haber encontrado la soluci\u00f3n para sus deudas de tarjetas de cr\u00e9dito. Estas opiniones de Consolidated Credit son independientes, y vienen del sitio web de opiniones Trustpilot.<\/p>\n\n\n\n<!-- TrustBox script -->\n<script type=\"text\/javascript\" src=\"\/\/widget.trustpilot.com\/bootstrap\/v5\/tp.widget.bootstrap.min.js\" async=\"\"><\/script>\n<!-- End TrustBox script -->\n<div class=\"trustpilot-widget\" data-locale=\"es-ES\" data-template-id=\"539adbd6dec7e10e686debee\" data-businessunit-id=\"5859b4b30000ff000599784c\" data-style-height=\"1250px\" data-style-width=\"100%\" data-theme=\"light\" data-tags=\"BGLSpanish\" data-stars=\"4,5\"><a href=\"https:\/\/es.trustpilot.com\/review\/consolidatedcredit.org\" target=\"_blank\" rel=\"noopener noreferrer\">Trustpilot<\/a><\/div>\n<!-- End TrustBox widget -->\n","protected":false},"excerpt":{"rendered":"<p>Trabajar con un consejero de cr\u00e9dito es una relaci\u00f3n que debe ser construida a base de confianza. Es crucial que usted se sienta c\u00f3modo y tenga confianza en su equipo de consejer\u00eda de cr\u00e9dito. De lo contrario, usted no va a encontrar la paz mental de haber encontrado la soluci\u00f3n para sus deudas de tarjetas [&hellip;]<\/p>\n","protected":false},"author":1,"featured_media":0,"parent":58562,"menu_order":4,"comment_status":"closed","ping_status":"closed","template":"","meta":{"_acf_changed":false,"footnotes":""},"class_list":["post-58596","page","type-page","status-publish","hentry"],"acf":[],"yoast_head":"<!-- This site is optimized with the Yoast SEO plugin v26.9 - https:\/\/yoast.com\/product\/yoast-seo-wordpress\/ -->\n<title>Opiniones de Clientes | Consolidated Credit<\/title>\n<meta name=\"robots\" content=\"index, follow, max-snippet:-1, max-image-preview:large, max-video-preview:-1\" \/>\n<link rel=\"canonical\" href=\"https:\/\/www.consolidatedcredithere.com\/es\/opiniones-de-clientes\/\" \/>\n<meta property=\"og:locale\" content=\"es_ES\" \/>\n<meta property=\"og:type\" content=\"article\" \/>\n<meta property=\"og:title\" content=\"Opiniones de Clientes | Consolidated Credit\" \/>\n<meta property=\"og:description\" content=\"Trabajar con un consejero de cr\u00e9dito es una relaci\u00f3n que debe ser construida a base de confianza. Es crucial que usted se sienta c\u00f3modo y tenga confianza en su equipo de consejer\u00eda de cr\u00e9dito. De lo contrario, usted no va a encontrar la paz mental de haber encontrado la soluci\u00f3n para sus deudas de tarjetas [&hellip;]\" \/>\n<meta property=\"og:url\" content=\"https:\/\/www.consolidatedcredithere.com\/es\/opiniones-de-clientes\/\" \/>\n<meta property=\"og:site_name\" content=\"Consolidated Credit\" \/>\n<meta property=\"article:modified_time\" content=\"2024-05-02T16:09:39+00:00\" \/>\n<meta name=\"twitter:card\" content=\"summary_large_image\" \/>\n<meta name=\"twitter:label1\" content=\"Tiempo de lectura\" \/>\n\t<meta name=\"twitter:data1\" content=\"1 minuto\" \/>\n<script type=\"application\/ld+json\" class=\"yoast-schema-graph\">{\"@context\":\"https:\/\/schema.org\",\"@graph\":[{\"@type\":\"WebPage\",\"@id\":\"https:\/\/www.consolidatedcredithere.com\/es\/opiniones-de-clientes\/\",\"url\":\"https:\/\/www.consolidatedcredithere.com\/es\/opiniones-de-clientes\/\",\"name\":\"Opiniones de Clientes | Consolidated Credit\",\"isPartOf\":{\"@id\":\"https:\/\/www.consolidatedcredithere.com\/#website\"},\"datePublished\":\"2024-05-02T16:07:55+00:00\",\"dateModified\":\"2024-05-02T16:09:39+00:00\",\"breadcrumb\":{\"@id\":\"https:\/\/www.consolidatedcredithere.com\/es\/opiniones-de-clientes\/#breadcrumb\"},\"inLanguage\":\"es\",\"potentialAction\":[{\"@type\":\"ReadAction\",\"target\":[\"https:\/\/www.consolidatedcredithere.com\/es\/opiniones-de-clientes\/\"]}]},{\"@type\":\"BreadcrumbList\",\"@id\":\"https:\/\/www.consolidatedcredithere.com\/es\/opiniones-de-clientes\/#breadcrumb\",\"itemListElement\":[{\"@type\":\"ListItem\",\"position\":1,\"name\":\"Home\",\"item\":\"https:\/\/www.consolidatedcredithere.com\/es\/\"},{\"@type\":\"ListItem\",\"position\":2,\"name\":\"Inicio\",\"item\":\"https:\/\/www.consolidatedcredithere.com\/es\/\"},{\"@type\":\"ListItem\",\"position\":3,\"name\":\"Opiniones de Clientes\"}]},{\"@type\":\"WebSite\",\"@id\":\"https:\/\/www.consolidatedcredithere.com\/#website\",\"url\":\"https:\/\/www.consolidatedcredithere.com\/\",\"name\":\"Consolidated Credit\",\"description\":\"Consolidated Credit\",\"potentialAction\":[{\"@type\":\"SearchAction\",\"target\":{\"@type\":\"EntryPoint\",\"urlTemplate\":\"https:\/\/www.consolidatedcredithere.com\/?s={search_term_string}\"},\"query-input\":{\"@type\":\"PropertyValueSpecification\",\"valueRequired\":true,\"valueName\":\"search_term_string\"}}],\"inLanguage\":\"es\"}]}<\/script>\n<!-- \/ Yoast SEO plugin. -->","yoast_head_json":{"title":"Opiniones de Clientes | Consolidated Credit","robots":{"index":"index","follow":"follow","max-snippet":"max-snippet:-1","max-image-preview":"max-image-preview:large","max-video-preview":"max-video-preview:-1"},"canonical":"https:\/\/www.consolidatedcredithere.com\/es\/opiniones-de-clientes\/","og_locale":"es_ES","og_type":"article","og_title":"Opiniones de Clientes | Consolidated Credit","og_description":"Trabajar con un consejero de cr\u00e9dito es una relaci\u00f3n que debe ser construida a base de confianza. Es crucial que usted se sienta c\u00f3modo y tenga confianza en su equipo de consejer\u00eda de cr\u00e9dito. De lo contrario, usted no va a encontrar la paz mental de haber encontrado la soluci\u00f3n para sus deudas de tarjetas [&hellip;]","og_url":"https:\/\/www.consolidatedcredithere.com\/es\/opiniones-de-clientes\/","og_site_name":"Consolidated Credit","article_modified_time":"2024-05-02T16:09:39+00:00","twitter_card":"summary_large_image","twitter_misc":{"Tiempo de lectura":"1 minuto"},"schema":{"@context":"https:\/\/schema.org","@graph":[{"@type":"WebPage","@id":"https:\/\/www.consolidatedcredithere.com\/es\/opiniones-de-clientes\/","url":"https:\/\/www.consolidatedcredithere.com\/es\/opiniones-de-clientes\/","name":"Opiniones de Clientes | Consolidated Credit","isPartOf":{"@id":"https:\/\/www.consolidatedcredithere.com\/#website"},"datePublished":"2024-05-02T16:07:55+00:00","dateModified":"2024-05-02T16:09:39+00:00","breadcrumb":{"@id":"https:\/\/www.consolidatedcredithere.com\/es\/opiniones-de-clientes\/#breadcrumb"},"inLanguage":"es","potentialAction":[{"@type":"ReadAction","target":["https:\/\/www.consolidatedcredithere.com\/es\/opiniones-de-clientes\/"]}]},{"@type":"BreadcrumbList","@id":"https:\/\/www.consolidatedcredithere.com\/es\/opiniones-de-clientes\/#breadcrumb","itemListElement":[{"@type":"ListItem","position":1,"name":"Home","item":"https:\/\/www.consolidatedcredithere.com\/es\/"},{"@type":"ListItem","position":2,"name":"Inicio","item":"https:\/\/www.consolidatedcredithere.com\/es\/"},{"@type":"ListItem","position":3,"name":"Opiniones de Clientes"}]},{"@type":"WebSite","@id":"https:\/\/www.consolidatedcredithere.com\/#website","url":"https:\/\/www.consolidatedcredithere.com\/","name":"Consolidated Credit","description":"Consolidated Credit","potentialAction":[{"@type":"SearchAction","target":{"@type":"EntryPoint","urlTemplate":"https:\/\/www.consolidatedcredithere.com\/?s={search_term_string}"},"query-input":{"@type":"PropertyValueSpecification","valueRequired":true,"valueName":"search_term_string"}}],"inLanguage":"es"}]}},"_links":{"self":[{"href":"https:\/\/www.consolidatedcredithere.com\/es\/wp-json\/wp\/v2\/pages\/58596","targetHints":{"allow":["GET"]}}],"collection":[{"href":"https:\/\/www.consolidatedcredithere.com\/es\/wp-json\/wp\/v2\/pages"}],"about":[{"href":"https:\/\/www.consolidatedcredithere.com\/es\/wp-json\/wp\/v2\/types\/page"}],"author":[{"embeddable":true,"href":"https:\/\/www.consolidatedcredithere.com\/es\/wp-json\/wp\/v2\/users\/1"}],"replies":[{"embeddable":true,"href":"https:\/\/www.consolidatedcredithere.com\/es\/wp-json\/wp\/v2\/comments?post=58596"}],"version-history":[{"count":3,"href":"https:\/\/www.consolidatedcredithere.com\/es\/wp-json\/wp\/v2\/pages\/58596\/revisions"}],"predecessor-version":[{"id":58599,"href":"https:\/\/www.consolidatedcredithere.com\/es\/wp-json\/wp\/v2\/pages\/58596\/revisions\/58599"}],"up":[{"embeddable":true,"href":"https:\/\/www.consolidatedcredithere.com\/es\/wp-json\/wp\/v2\/pages\/58562"}],"wp:attachment":[{"href":"https:\/\/www.consolidatedcredithere.com\/es\/wp-json\/wp\/v2\/media?parent=58596"}],"curies":[{"name":"wp","href":"https:\/\/api.w.org\/{rel}","templated":true}]}}