
{"id":58594,"date":"2024-05-02T16:05:10","date_gmt":"2024-05-02T16:05:10","guid":{"rendered":"https:\/\/www.consolidatedcredithere.com\/?page_id=58594"},"modified":"2024-05-02T19:57:52","modified_gmt":"2024-05-02T19:57:52","slug":"preguntas-frecuentes","status":"publish","type":"page","link":"https:\/\/www.consolidatedcredithere.com\/es\/preguntas-frecuentes\/","title":{"rendered":"Preguntas Frecuentes"},"content":{"rendered":"\n<p>Hemos recopilado una gran cantidad de preguntas hechas por nuestros clientes con la finalidad de que usted comprenda como podemos ajustar los programas de consejer\u00eda de cr\u00e9dito de acuerdo a sus necesidades.<\/p>\n\n\n\n\n<div id=\"block_1b6f16e364592f8f800db9dec877963f\">\n    <div class=\"flex md:flex-row bg-ccusLightGray rounded-lg p-10\">\n      <div class=\"w-full\" data-block-id=\"block_1b6f16e364592f8f800db9dec877963f\">\n                <p><\/p>\n\n                        <div class=\"accordion-item-div\">\n            <button class=\"accordion-toggle hover:text-ccusBlue mt-2 btn-expand btn-transparent | text-21px text-left border-none font-semibold focus:outline-none w-full py-3 open\" data-target=\"block_1b6f16e364592f8f800db9dec877963f-1\">\n                1. \u00bfEs un programa de manejo de deudas lo mismo que un programa de arreglo de deudas?            <\/button>\n            <div class=\"overflow-hidden transition duration-500 ease-in-out mb-2\" data-id=\"block_1b6f16e364592f8f800db9dec877963f-1\" style=\"min-height: 0px;\">\n                <div><p>No. En un programa de manejo de deudas usted va a pagar todas las deudas que usted debe, pero en una forma que se adapte a su presupuesto \u2013 con un inter\u00e9s m\u00e1s bajo, de esta manera usted va a ahorrar dinero y pagar la deuda m\u00e1s r\u00e1pidamente. En un programa de arreglo de deudas, como su nombre lo indica, se llega a un acuerdo con sus acreedores y pagar\u00e1 un saldo menor a lo adeudado a su acreedor, pero la cuenta ser\u00e1 cerrada y causar\u00e1 autom\u00e1ticamente una penalidad de 7 a\u00f1os por cada arreglo de deuda la cual se ver\u00e1 reflejada en su reporte de cr\u00e9dito<\/p>\n<\/div>\n            <\/div>\n        <\/div>\n                        <div class=\"accordion-item-div\">\n            <button class=\"accordion-toggle hover:text-ccusBlue mt-2 btn-expand btn-transparent | text-21px text-left border-none font-semibold focus:outline-none w-full py-3 \" data-target=\"block_1b6f16e364592f8f800db9dec877963f-2\">\n                2. \u00bfEs un programa de manejo de deudas lo mismo que un pr\u00e9stamo para consolidar deudas?            <\/button>\n            <div class=\"overflow-hidden transition duration-500 ease-in-out mb-2\" data-id=\"block_1b6f16e364592f8f800db9dec877963f-2\" style=\"max-height: 0px;\">\n                <div><p>No, aunque un pr\u00e9stamo para consolidar deudas proporciona resultados similares a los que se obtiene con la consolidaci\u00f3n de la deuda. En un programa de manejo de deudas, el equipo de consejeros de cr\u00e9dito negocia con sus acreedores una reducci\u00f3n en la tasa de inter\u00e9s que le cobran y el esquema mensual de pagos. Los pagos mensuales que realice a sus acreedores se regir\u00e1n por este esquema de pagos.<\/p>\n<p>Esto es diferente a un pr\u00e9stamo para consolidar deudas el cual usted puede obtener por su cuenta y que puede usar para pagar el saldo de sus tarjetas de cr\u00e9dito. Adem\u00e1s, puede ser algo dif\u00edcil calificar para un pr\u00e9stamo personal.<\/p>\n<p>Aunque las dos opciones consolidan las deudas en un s\u00f3lo pago mensual con un inter\u00e9s reducido, existen diferencias entre ambos planes.<\/p>\n<\/div>\n            <\/div>\n        <\/div>\n                        <div class=\"accordion-item-div\">\n            <button class=\"accordion-toggle hover:text-ccusBlue mt-2 btn-expand btn-transparent | text-21px text-left border-none font-semibold focus:outline-none w-full py-3 \" data-target=\"block_1b6f16e364592f8f800db9dec877963f-3\">\n                3. \u00bfC\u00f3mo la consolidaci\u00f3n de deudas afecta mi cr\u00e9dito?            <\/button>\n            <div class=\"overflow-hidden transition duration-500 ease-in-out mb-2\" data-id=\"block_1b6f16e364592f8f800db9dec877963f-3\" style=\"max-height: 0px;\">\n                <div><p>Esto depende de la opci\u00f3n que us\u00f3 para consolidar las deudas y en lo exitoso que usted sea para ejecutar el plan. En la mayor\u00eda de los casos, la consolidaci\u00f3n de deudas tendr\u00e1 un efecto neutro o un efecto positivo en su cr\u00e9dito, a pesar de que usted use los servicios de consejer\u00eda de cr\u00e9dito y se inscriba en un programa de manejo de deudas. Ya que el programa lo que busca es eliminar la deuda mientras construye un historial de pagos positivos, muchos usuarios han visto como su puntuaci\u00f3n de cr\u00e9dito mejora al completar satisfactoriamente el programa.<\/p>\n<\/div>\n            <\/div>\n        <\/div>\n                        <div class=\"accordion-item-div\">\n            <button class=\"accordion-toggle hover:text-ccusBlue mt-2 btn-expand btn-transparent | text-21px text-left border-none font-semibold focus:outline-none w-full py-3 \" data-target=\"block_1b6f16e364592f8f800db9dec877963f-4\">\n                4. \u00bfEs este el mejor pago que me pueden ofrecer?            <\/button>\n            <div class=\"overflow-hidden transition duration-500 ease-in-out mb-2\" data-id=\"block_1b6f16e364592f8f800db9dec877963f-4\" style=\"max-height: 0px;\">\n                <div><p>En la mayor\u00eda de los casos un programa de consejer\u00eda de cr\u00e9dito le proveer\u00e1 con el pago m\u00e1s bajo posible que usted puede conseguir al participar en un programa de consolidaci\u00f3n de deudas. Durante su consulta confidencial, un consejero de cr\u00e9dito certificado evaluar\u00e1 su presupuesto y deudas para determinar el pago total mensual que razonablemente usted es capaz de hacer. Luego este esquema de pagos debe ser negociado y aceptado por sus acreedores. Todos los servicios de consejer\u00eda de cr\u00e9dito a nivel nacional siguen estos lineamientos, por lo que su pago mensual ser\u00e1 igual, sin importar cu\u00e1l sea la agencia de consejer\u00eda de cr\u00e9dito que usted use.<\/p>\n<\/div>\n            <\/div>\n        <\/div>\n                        <div class=\"accordion-item-div\">\n            <button class=\"accordion-toggle hover:text-ccusBlue mt-2 btn-expand btn-transparent | text-21px text-left border-none font-semibold focus:outline-none w-full py-3 \" data-target=\"block_1b6f16e364592f8f800db9dec877963f-5\">\n                5. \u00bfC\u00f3mo se determina la tasa de inter\u00e9s?            <\/button>\n            <div class=\"overflow-hidden transition duration-500 ease-in-out mb-2\" data-id=\"block_1b6f16e364592f8f800db9dec877963f-5\" style=\"max-height: 0px;\">\n                <div><p>El equipo de consejer\u00eda de cr\u00e9dito se encarga de negociar con sus acreedores la posibilidad de reducir o eliminar la tasa de inter\u00e9s que le cobran en su programa personalizado de manejo de deudas. En promedio, las tasas de inter\u00e9s aplicadas a las deudas incluidas en el programa var\u00edan de un 0-11% adem\u00e1s de que pueden variar dependiendo del cliente y los acreedores. Como resultado, usted obtiene un alivio de las deudas en el corto y largo plazo. Con menos inter\u00e9s usted obtiene la ventaja de pagar las deudas m\u00e1s r\u00e1pidamente a pesar de que pague menos cada mes.<\/p>\n<\/div>\n            <\/div>\n        <\/div>\n                        <div class=\"accordion-item-div\">\n            <button class=\"accordion-toggle hover:text-ccusBlue mt-2 btn-expand btn-transparent | text-21px text-left border-none font-semibold focus:outline-none w-full py-3 \" data-target=\"block_1b6f16e364592f8f800db9dec877963f-6\">\n                6. \u00bfEl programa de manejo de deudas pagar\u00e1 todas mis tarjetas de cr\u00e9dito?            <\/button>\n            <div class=\"overflow-hidden transition duration-500 ease-in-out mb-2\" data-id=\"block_1b6f16e364592f8f800db9dec877963f-6\" style=\"max-height: 0px;\">\n                <div><p>Las deudas de sus tarjetas de cr\u00e9dito ser\u00e1n canceladas en su totalidad al completar el programa satisfactoriamente, pero el servicio de consejer\u00eda de cr\u00e9dito no pagar\u00e1 las deudas por usted. Usted tendr\u00e1 que hacer sus pagos mensuales a Consolidated Credit, el dinero recibido ser\u00e1 distribuido entre sus acreedores de acuerdo con el esquema de pagos negociados por los consejeros de cr\u00e9dito con sus acreedores. Como resultado, usted ver\u00e1 c\u00f3mo los balances de sus cuentas ir\u00e1n disminuyendo gradualmente a medida que vaya haciendo sus pagos. N\u00f3tese que esto es un poco diferente a un pr\u00e9stamo para consolidar deudas. Con un pr\u00e9stamo para consolidar deudas, usted pide un pr\u00e9stamo y usa el dinero para pagar a sus acreedores en un solo pago total, dejando s\u00f3lo el pr\u00e9stamo para ser pagado. Mientras que un programa de manejo de deudas se ajustan los pagos de acuerdo a un esquema planificado por usted y su consejero de cr\u00e9dito.<\/p>\n<\/div>\n            <\/div>\n        <\/div>\n                        <div class=\"accordion-item-div\">\n            <button class=\"accordion-toggle hover:text-ccusBlue mt-2 btn-expand btn-transparent | text-21px text-left border-none font-semibold focus:outline-none w-full py-3 \" data-target=\"block_1b6f16e364592f8f800db9dec877963f-7\">\n                7. \u00bfCu\u00e1nto hay que pagar por el servicio de consolidaci\u00f3n de deudas?            <\/button>\n            <div class=\"overflow-hidden transition duration-500 ease-in-out mb-2\" data-id=\"block_1b6f16e364592f8f800db9dec877963f-7\" style=\"max-height: 0px;\">\n                <div><p>Hay un peque\u00f1o cargo que se hace por registrarse en el programa de manejo de deudas y otro cargo mensual muy bajo. Estos cargos se calculan de acuerdo a una f\u00f3rmula que analiza su presupuesto y lo que usted puede pagar al mes. Todos los cargos se agregan a su pago mensual. N\u00f3tese que todos los cargos que se hacen por una agencia de consejer\u00eda de cr\u00e9dito sin fines de lucro 501(c) 3 son regulados, por lo que no hay diferencia en los cargos que le cobra una agencia con respecto a otra.<\/p>\n<\/div>\n            <\/div>\n        <\/div>\n                        <div class=\"accordion-item-div\">\n            <button class=\"accordion-toggle hover:text-ccusBlue mt-2 btn-expand btn-transparent | text-21px text-left border-none font-semibold focus:outline-none w-full py-3 \" data-target=\"block_1b6f16e364592f8f800db9dec877963f-8\">\n                8. \u00bfPuedo consolidar las deudas aun cuando estas han pasado a una agencia de cobranza de deudas?            <\/button>\n            <div class=\"overflow-hidden transition duration-500 ease-in-out mb-2\" data-id=\"block_1b6f16e364592f8f800db9dec877963f-8\" style=\"max-height: 0px;\">\n                <div><p>Las deudas que ya se han pasado a una agencia de cobranza de deudas se pueden consolidar a trav\u00e9s de un programa de manejo de deudas si la agencia lo aprueba. Parte del servicio de consejer\u00eda de cr\u00e9dito es la de contactar a cada uno de los acreedores para negociar su participaci\u00f3n en el programa. Los cobradores de deudas se incluyen en este proceso, entonces mientras que la agencia de cobranza lo acepte, entonces la consolidaci\u00f3n de la deuda que est\u00e1 en una agencia de cobranza es absolutamente permitida.<\/p>\n<\/div>\n            <\/div>\n        <\/div>\n                        <div class=\"accordion-item-div\">\n            <button class=\"accordion-toggle hover:text-ccusBlue mt-2 btn-expand btn-transparent | text-21px text-left border-none font-semibold focus:outline-none w-full py-3 \" data-target=\"block_1b6f16e364592f8f800db9dec877963f-9\">\n                9. \u00bfMi c\u00f3nyuge tiene que inscribirse en el programa conmigo?            <\/button>\n            <div class=\"overflow-hidden transition duration-500 ease-in-out mb-2\" data-id=\"block_1b6f16e364592f8f800db9dec877963f-9\" style=\"max-height: 0px;\">\n                <div><p>S\u00f3lo se requiere que los c\u00f3nyuges se inscriban en el programa de manejo de deudas si la deuda ha sido adquirida en conjunto. En otras palabras, si usted firma en las cuentas conjuntamente con su c\u00f3nyuge entonces debe incluirlas en el programa de manejo de deudas para lograr el m\u00e1ximo beneficio de alivio de deudas. No obstante, si uno de los c\u00f3nyuges es s\u00f3lo una firma autorizada o usuario de la cuenta y no tiene responsabilidad en las deudas, entonces no es necesario que se inscriba.<\/p>\n<\/div>\n            <\/div>\n        <\/div>\n                        <div class=\"accordion-item-div\">\n            <button class=\"accordion-toggle hover:text-ccusBlue mt-2 btn-expand btn-transparent | text-21px text-left border-none font-semibold focus:outline-none w-full py-3 \" data-target=\"block_1b6f16e364592f8f800db9dec877963f-10\">\n                10. \u00bfPuedo hacer pagos extras para as\u00ed poder cancelar la deuda m\u00e1s r\u00e1pidamente?            <\/button>\n            <div class=\"overflow-hidden transition duration-500 ease-in-out mb-2\" data-id=\"block_1b6f16e364592f8f800db9dec877963f-10\" style=\"max-height: 0px;\">\n                <div><p>Por supuesto, Nosotros lo recomendamos cada vez que le sea posible. Simplemente llame y hable con un representante de servicio al cliente, quien lo asistir\u00e1 con el pago adicional que quiera hacer.<\/p>\n<\/div>\n            <\/div>\n        <\/div>\n                        <div class=\"accordion-item-div\">\n            <button class=\"accordion-toggle hover:text-ccusBlue mt-2 btn-expand btn-transparent | text-21px text-left border-none font-semibold focus:outline-none w-full py-3 \" data-target=\"block_1b6f16e364592f8f800db9dec877963f-11\">\n                11. \u00bfQu\u00e9 es una deuda con garant\u00eda?            <\/button>\n            <div class=\"overflow-hidden transition duration-500 ease-in-out mb-2\" data-id=\"block_1b6f16e364592f8f800db9dec877963f-11\" style=\"max-height: 0px;\">\n                <div><p>Es aquella en la que el prestamista o acreedor requiere un colateral como garant\u00eda sobre la deuda. Las deudas aseguradas o con garant\u00eda no pueden ser incluidas en el programa de manejo de deudas o usar cualquier otro programa de consolidaci\u00f3n de deudas. No obstante, las tarjetas de cr\u00e9dito con dep\u00f3sito o garant\u00eda si se pueden incluir en el programa.<\/p>\n<\/div>\n            <\/div>\n        <\/div>\n        \n        <\/div>\n    <\/div>\n<\/div>\n\n\n\n\n\n<div class=\"wp-block-group alignfull has-cc-primary-background-color has-background has-global-padding is-layout-constrained wp-block-group-is-layout-constrained\" style=\"padding-top:0;padding-bottom:0\">\n<script src=\"https:\/\/resources.venturetechsolutions.com\/calculators\/vt-dmp3-calculator\/bundle.min.js?v=32\" type=\"text\/javascript\"><\/script>\n<div class=\"dmp-calc-wrapper has-cc-primary-background-color has-background py-24\">\n    <div id=\"vtDMP_V3calc\"><\/div>\n<\/div> \n<script>\n    VTDMP_V3_Calculator.init({\n        selector: \"vtDMP_V3calc\",\n        lan: 'es',\n        ctaID: \"#LeadForm\",\n        ctaOpenModal: true,\n        phoneNumber : \"1-800-320-9929\",\n    });\n<\/script><\/div>\n\n\n\n<div class=\"wp-block-group text-center has-global-padding is-layout-constrained wp-block-group-is-layout-constrained\" style=\"padding-top:var(--wp--preset--spacing--40);padding-bottom:var(--wp--preset--spacing--40)\">\n<h2 class=\"wp-block-heading\">Personas que hemos ayudado\u2026<\/h2>\n\n\n\n<div class=\"wp-block-columns is-layout-flex wp-container-core-columns-is-layout-28f84493 wp-block-columns-is-layout-flex\">\n<div class=\"wp-block-column is-layout-flow wp-block-column-is-layout-flow\">\n<figure class=\"wp-block-image aligncenter size-full\"><img decoding=\"async\" src=\"https:\/\/www.consolidatedcredithere.com\/wp-content\/uploads\/2025\/05\/Roxann.png\" alt=\"Roxann\" class=\"wp-image-58537\"\/><\/figure>\n\n\n\n<h4 class=\"wp-block-heading\">Roxann<\/h4>\n\n\n\n<h5 class=\"wp-block-heading\">Wichita Falls, TX<\/h5>\n\n\n\n<p>\u201cConsolidated Credit es lo mejor que pude haber hecho. Fueron honestos, cuidadosos y comprensivos conmigo. Los he recomendado una y otra vez.\u201d<\/p>\n<\/div>\n\n\n\n<div class=\"wp-block-column is-layout-flow wp-block-column-is-layout-flow\">\n<figure class=\"wp-block-image aligncenter size-full\"><img decoding=\"async\" src=\"https:\/\/www.consolidatedcredithere.com\/wp-content\/uploads\/2025\/05\/Christopher.png\" alt=\"Christopher\" class=\"wp-image-58539\"\/><\/figure>\n\n\n\n<h4 class=\"wp-block-heading\">Christopher<\/h4>\n\n\n\n<h5 class=\"wp-block-heading\">New York, NY<\/h5>\n\n\n\n<p>\u201cConsolidated Credit me ayud\u00f3 a salir de las deudas r\u00e1pidamente. Los representantes de servicio al cliente son muy amables y comprensivos. Su programa de manejo de deudas es el mejor.\u201d<\/p>\n<\/div>\n\n\n\n<div class=\"wp-block-column is-layout-flow wp-block-column-is-layout-flow\">\n<figure class=\"wp-block-image aligncenter size-full\"><img decoding=\"async\" src=\"https:\/\/www.consolidatedcredithere.com\/wp-content\/uploads\/2025\/05\/Denise.png\" alt=\"Denise\" class=\"wp-image-58541\"\/><\/figure>\n\n\n\n<h4 class=\"wp-block-heading\">Denise<\/h4>\n\n\n\n<h5 class=\"wp-block-heading\">Valencia, CA<\/h5>\n\n\n\n<p>\u201cConsolid\u00e9 mis tarjetas de cr\u00e9dito de manera tan r\u00e1pida y eficiente con este programa. \u00a1Consolidated Credit lo hizo todo tan f\u00e1cil!\u201d<\/p>\n<\/div>\n<\/div>\n\n\n\n<p class=\"has-small-font-size\">*Todos los testimonios son de nuestros clientes. Nosotros respetamos la privacidad de nuestros clientes Por solicitud de ellos, algunas de las fotos usadas pueden no ser fotos actuales del cliente.<\/p>\n<\/div>\n\n\n\n<div class=\"wp-block-group text-center has-global-padding is-layout-constrained wp-block-group-is-layout-constrained\" style=\"padding-top:var(--wp--preset--spacing--40);padding-bottom:var(--wp--preset--spacing--40)\">\n<h4 class=\"wp-block-heading\">ASISTENCIA INMEDIATA<\/h4>\n\n\n\n<h4 class=\"wp-block-heading\"><a class=\"tracking-phone-click\" href=\"tel:8447392906\"><span class=\"tracking-phone\">8447392906<\/span><\/a><\/h4>\n<\/div>\n","protected":false},"excerpt":{"rendered":"<p>Hemos recopilado una gran cantidad de preguntas hechas por nuestros clientes con la finalidad de que usted comprenda como podemos ajustar los programas de consejer\u00eda de cr\u00e9dito de acuerdo a sus necesidades. Personas que hemos ayudado\u2026 Roxann Wichita Falls, TX \u201cConsolidated Credit es lo mejor que pude haber hecho. Fueron honestos, cuidadosos y comprensivos conmigo. [&hellip;]<\/p>\n","protected":false},"author":1,"featured_media":0,"parent":58562,"menu_order":1,"comment_status":"closed","ping_status":"closed","template":"","meta":{"_acf_changed":false,"footnotes":""},"class_list":["post-58594","page","type-page","status-publish","hentry"],"acf":[],"yoast_head":"<!-- This site is optimized with the Yoast SEO plugin v26.9 - https:\/\/yoast.com\/product\/yoast-seo-wordpress\/ -->\n<title>Preguntas Frecuentes | Consolidated Credit<\/title>\n<meta name=\"robots\" content=\"index, follow, max-snippet:-1, max-image-preview:large, max-video-preview:-1\" \/>\n<link rel=\"canonical\" href=\"https:\/\/www.consolidatedcredithere.com\/es\/preguntas-frecuentes\/\" \/>\n<meta property=\"og:locale\" content=\"es_ES\" \/>\n<meta property=\"og:type\" content=\"article\" \/>\n<meta property=\"og:title\" content=\"Preguntas Frecuentes | Consolidated Credit\" \/>\n<meta property=\"og:description\" content=\"Hemos recopilado una gran cantidad de preguntas hechas por nuestros clientes con la finalidad de que usted comprenda como podemos ajustar los programas de consejer\u00eda de cr\u00e9dito de acuerdo a sus necesidades. Personas que hemos ayudado\u2026 Roxann Wichita Falls, TX \u201cConsolidated Credit es lo mejor que pude haber hecho. Fueron honestos, cuidadosos y comprensivos conmigo. [&hellip;]\" \/>\n<meta property=\"og:url\" content=\"https:\/\/www.consolidatedcredithere.com\/es\/preguntas-frecuentes\/\" \/>\n<meta property=\"og:site_name\" content=\"Consolidated Credit\" \/>\n<meta property=\"article:modified_time\" content=\"2024-05-02T19:57:52+00:00\" \/>\n<meta property=\"og:image\" content=\"https:\/\/www.consolidatedcredithere.com\/wp-content\/uploads\/2025\/05\/Roxann.png\" \/>\n<meta name=\"twitter:card\" content=\"summary_large_image\" \/>\n<meta name=\"twitter:label1\" content=\"Tiempo de lectura\" \/>\n\t<meta name=\"twitter:data1\" content=\"2 minutos\" \/>\n<script type=\"application\/ld+json\" class=\"yoast-schema-graph\">{\"@context\":\"https:\/\/schema.org\",\"@graph\":[{\"@type\":\"WebPage\",\"@id\":\"https:\/\/www.consolidatedcredithere.com\/es\/preguntas-frecuentes\/\",\"url\":\"https:\/\/www.consolidatedcredithere.com\/es\/preguntas-frecuentes\/\",\"name\":\"Preguntas Frecuentes | Consolidated Credit\",\"isPartOf\":{\"@id\":\"https:\/\/www.consolidatedcredithere.com\/#website\"},\"primaryImageOfPage\":{\"@id\":\"https:\/\/www.consolidatedcredithere.com\/es\/preguntas-frecuentes\/#primaryimage\"},\"image\":{\"@id\":\"https:\/\/www.consolidatedcredithere.com\/es\/preguntas-frecuentes\/#primaryimage\"},\"thumbnailUrl\":\"https:\/\/www.consolidatedcredithere.com\/wp-content\/uploads\/2025\/05\/Roxann.png\",\"datePublished\":\"2024-05-02T16:05:10+00:00\",\"dateModified\":\"2024-05-02T19:57:52+00:00\",\"breadcrumb\":{\"@id\":\"https:\/\/www.consolidatedcredithere.com\/es\/preguntas-frecuentes\/#breadcrumb\"},\"inLanguage\":\"es\",\"potentialAction\":[{\"@type\":\"ReadAction\",\"target\":[\"https:\/\/www.consolidatedcredithere.com\/es\/preguntas-frecuentes\/\"]}]},{\"@type\":\"ImageObject\",\"inLanguage\":\"es\",\"@id\":\"https:\/\/www.consolidatedcredithere.com\/es\/preguntas-frecuentes\/#primaryimage\",\"url\":\"https:\/\/www.consolidatedcredithere.com\/wp-content\/uploads\/2025\/05\/Roxann.png\",\"contentUrl\":\"https:\/\/www.consolidatedcredithere.com\/wp-content\/uploads\/2025\/05\/Roxann.png\"},{\"@type\":\"BreadcrumbList\",\"@id\":\"https:\/\/www.consolidatedcredithere.com\/es\/preguntas-frecuentes\/#breadcrumb\",\"itemListElement\":[{\"@type\":\"ListItem\",\"position\":1,\"name\":\"Home\",\"item\":\"https:\/\/www.consolidatedcredithere.com\/es\/\"},{\"@type\":\"ListItem\",\"position\":2,\"name\":\"Inicio\",\"item\":\"https:\/\/www.consolidatedcredithere.com\/es\/\"},{\"@type\":\"ListItem\",\"position\":3,\"name\":\"Preguntas Frecuentes\"}]},{\"@type\":\"WebSite\",\"@id\":\"https:\/\/www.consolidatedcredithere.com\/#website\",\"url\":\"https:\/\/www.consolidatedcredithere.com\/\",\"name\":\"Consolidated Credit\",\"description\":\"Consolidated Credit\",\"potentialAction\":[{\"@type\":\"SearchAction\",\"target\":{\"@type\":\"EntryPoint\",\"urlTemplate\":\"https:\/\/www.consolidatedcredithere.com\/?s={search_term_string}\"},\"query-input\":{\"@type\":\"PropertyValueSpecification\",\"valueRequired\":true,\"valueName\":\"search_term_string\"}}],\"inLanguage\":\"es\"}]}<\/script>\n<!-- \/ Yoast SEO plugin. -->","yoast_head_json":{"title":"Preguntas Frecuentes | Consolidated Credit","robots":{"index":"index","follow":"follow","max-snippet":"max-snippet:-1","max-image-preview":"max-image-preview:large","max-video-preview":"max-video-preview:-1"},"canonical":"https:\/\/www.consolidatedcredithere.com\/es\/preguntas-frecuentes\/","og_locale":"es_ES","og_type":"article","og_title":"Preguntas Frecuentes | Consolidated Credit","og_description":"Hemos recopilado una gran cantidad de preguntas hechas por nuestros clientes con la finalidad de que usted comprenda como podemos ajustar los programas de consejer\u00eda de cr\u00e9dito de acuerdo a sus necesidades. Personas que hemos ayudado\u2026 Roxann Wichita Falls, TX \u201cConsolidated Credit es lo mejor que pude haber hecho. Fueron honestos, cuidadosos y comprensivos conmigo. [&hellip;]","og_url":"https:\/\/www.consolidatedcredithere.com\/es\/preguntas-frecuentes\/","og_site_name":"Consolidated Credit","article_modified_time":"2024-05-02T19:57:52+00:00","og_image":[{"url":"https:\/\/www.consolidatedcredithere.com\/wp-content\/uploads\/2025\/05\/Roxann.png","type":"","width":"","height":""}],"twitter_card":"summary_large_image","twitter_misc":{"Tiempo de lectura":"2 minutos"},"schema":{"@context":"https:\/\/schema.org","@graph":[{"@type":"WebPage","@id":"https:\/\/www.consolidatedcredithere.com\/es\/preguntas-frecuentes\/","url":"https:\/\/www.consolidatedcredithere.com\/es\/preguntas-frecuentes\/","name":"Preguntas Frecuentes | Consolidated Credit","isPartOf":{"@id":"https:\/\/www.consolidatedcredithere.com\/#website"},"primaryImageOfPage":{"@id":"https:\/\/www.consolidatedcredithere.com\/es\/preguntas-frecuentes\/#primaryimage"},"image":{"@id":"https:\/\/www.consolidatedcredithere.com\/es\/preguntas-frecuentes\/#primaryimage"},"thumbnailUrl":"https:\/\/www.consolidatedcredithere.com\/wp-content\/uploads\/2025\/05\/Roxann.png","datePublished":"2024-05-02T16:05:10+00:00","dateModified":"2024-05-02T19:57:52+00:00","breadcrumb":{"@id":"https:\/\/www.consolidatedcredithere.com\/es\/preguntas-frecuentes\/#breadcrumb"},"inLanguage":"es","potentialAction":[{"@type":"ReadAction","target":["https:\/\/www.consolidatedcredithere.com\/es\/preguntas-frecuentes\/"]}]},{"@type":"ImageObject","inLanguage":"es","@id":"https:\/\/www.consolidatedcredithere.com\/es\/preguntas-frecuentes\/#primaryimage","url":"https:\/\/www.consolidatedcredithere.com\/wp-content\/uploads\/2025\/05\/Roxann.png","contentUrl":"https:\/\/www.consolidatedcredithere.com\/wp-content\/uploads\/2025\/05\/Roxann.png"},{"@type":"BreadcrumbList","@id":"https:\/\/www.consolidatedcredithere.com\/es\/preguntas-frecuentes\/#breadcrumb","itemListElement":[{"@type":"ListItem","position":1,"name":"Home","item":"https:\/\/www.consolidatedcredithere.com\/es\/"},{"@type":"ListItem","position":2,"name":"Inicio","item":"https:\/\/www.consolidatedcredithere.com\/es\/"},{"@type":"ListItem","position":3,"name":"Preguntas Frecuentes"}]},{"@type":"WebSite","@id":"https:\/\/www.consolidatedcredithere.com\/#website","url":"https:\/\/www.consolidatedcredithere.com\/","name":"Consolidated Credit","description":"Consolidated Credit","potentialAction":[{"@type":"SearchAction","target":{"@type":"EntryPoint","urlTemplate":"https:\/\/www.consolidatedcredithere.com\/?s={search_term_string}"},"query-input":{"@type":"PropertyValueSpecification","valueRequired":true,"valueName":"search_term_string"}}],"inLanguage":"es"}]}},"_links":{"self":[{"href":"https:\/\/www.consolidatedcredithere.com\/es\/wp-json\/wp\/v2\/pages\/58594","targetHints":{"allow":["GET"]}}],"collection":[{"href":"https:\/\/www.consolidatedcredithere.com\/es\/wp-json\/wp\/v2\/pages"}],"about":[{"href":"https:\/\/www.consolidatedcredithere.com\/es\/wp-json\/wp\/v2\/types\/page"}],"author":[{"embeddable":true,"href":"https:\/\/www.consolidatedcredithere.com\/es\/wp-json\/wp\/v2\/users\/1"}],"replies":[{"embeddable":true,"href":"https:\/\/www.consolidatedcredithere.com\/es\/wp-json\/wp\/v2\/comments?post=58594"}],"version-history":[{"count":2,"href":"https:\/\/www.consolidatedcredithere.com\/es\/wp-json\/wp\/v2\/pages\/58594\/revisions"}],"predecessor-version":[{"id":58710,"href":"https:\/\/www.consolidatedcredithere.com\/es\/wp-json\/wp\/v2\/pages\/58594\/revisions\/58710"}],"up":[{"embeddable":true,"href":"https:\/\/www.consolidatedcredithere.com\/es\/wp-json\/wp\/v2\/pages\/58562"}],"wp:attachment":[{"href":"https:\/\/www.consolidatedcredithere.com\/es\/wp-json\/wp\/v2\/media?parent=58594"}],"curies":[{"name":"wp","href":"https:\/\/api.w.org\/{rel}","templated":true}]}}