
{"id":58586,"date":"2024-05-02T15:51:48","date_gmt":"2024-05-02T15:51:48","guid":{"rendered":"https:\/\/www.consolidatedcredithere.com\/?page_id=58586"},"modified":"2024-05-02T15:58:31","modified_gmt":"2024-05-02T15:58:31","slug":"clientes-que-hemos-ayudado","status":"publish","type":"page","link":"https:\/\/www.consolidatedcredithere.com\/es\/clientes-que-hemos-ayudado\/","title":{"rendered":"Clientes que Hemos Ayudado"},"content":{"rendered":"\n<div class=\"wp-block-group has-global-padding is-layout-constrained wp-container-core-group-is-layout-f36bc466 wp-block-group-is-layout-constrained\"><div class=\"relative max-w-5xl m-auto\">\n  \n<div class=\"swiper-slide case-study-slide has-cc-info-background-color has-background rounded-lg p-10\">\n  <h3 class=\"text-ccusDarkGray mb-5\">Casos de estudio<\/h3>\n  <blockquote>\n    <h4 class=\"text-30px text-ccusBlue font-bold mb-3\">\n      Denise\n      de\n      Valencia, CA    <\/h4>\n          <p class=\"text-20px text-ccusBlack font-bold mb-8\">\u201cConsolid\u00e9 mis deudas de  tarjetas de cr\u00e9dito r\u00e1pidamente y eficientemente  con este programa. Consolidated Credit hizo el proceso muy f\u00e1cil.\n\u201d<\/p>\n      <\/blockquote>\n\n  <div class=\"flex flex-wrap justify-between\">\n    <div class=\"w-full sm:w-1\/2\">\n        <h5 class=\"text-20px text-ccusDarkGray font-bold mb-3.5\">\n          Donde\n           ella \n          comenz\u00f3:\n        <\/h5>\n        <div class=\"text-18px\">\n          <ul>\n<li>Total de deuda no asegurada: $17.196.00<\/li>\n<li>Promedio de cargos de inter\u00e9s : $9.052.90<\/li>\n<li>Tiempo de pago: 10 a\u00f1os , 4 meses<\/li>\n<li>Total de Pagos Mensuales : $687.84<\/li>\n<\/ul>\n        <\/div>\n        <h5 class=\"text-20px text-ccusDarkGray font-bold mb-3.5\">Despu\u00e9s de registrarse en un plan de manejo de deudas:<\/h5>\n        <div class=\"text-18px\">\n          <ul>\n<li>Promedio de tasa de inter\u00e9s negociado: 8,56%<\/li>\n<li>Total de cargos de inter\u00e9s: $2.557.55<\/li>\n<li>Tiempo de pago: 3 a\u00f1os, 8 meses<\/li>\n<li>Total de pagos mensuales: $451.00<\/li>\n<\/ul>\n        <\/div>\n    <\/div>\n    <div class=\"w-full sm:w-1\/3 pt-3 relative\">\n      <div class=\"cs-savings-wrapper\">\n        <h5 class=\"text-ccusDarkGray font-bold\">Tiempo ahorrado<\/h5>\n        <p class=\"text-24px text-green-700 font-bold\">6 a\u00f1os, 8 meses<\/p>\n        <h5 class=\"text-ccusDarkGray font-bold\">Ahorros mensuales<\/h5>\n        <p class=\"text-24px text-green-700 font-bold\">$236.84<\/p>\n        <h5 class=\"text-ccusDarkGray font-bold\">Inter\u00e9s ahorrado<\/h5>\n        <p class=\"text-24px text-green-700 font-bold\">$6,495.35<\/p>\n      <\/div>\n    <\/div>\n  <\/div>\n<\/div><\/div>\n\n\n<div style=\"height:20px\" aria-hidden=\"true\" class=\"wp-block-spacer\"><\/div>\n\n\n<div class=\"relative max-w-5xl m-auto\">\n  \n<div class=\"swiper-slide case-study-slide has-cc-info-background-color has-background rounded-lg p-10\">\n  <h3 class=\"text-ccusDarkGray mb-5\">Casos de estudio<\/h3>\n  <blockquote>\n    <h4 class=\"text-30px text-ccusBlue font-bold mb-3\">\n      Christopher\n      de\n      New York , NY    <\/h4>\n          <p class=\"text-20px text-ccusBlack font-bold mb-8\">\u201cConsolidated Credit me ayud\u00f3 a salir de la deuda r\u00e1pido. Sus representantes de servicio al cliente son muy amables y comprensivos. Su programa de gesti\u00f3n de la deuda es el mejor.\n\u201d<\/p>\n      <\/blockquote>\n\n  <div class=\"flex flex-wrap justify-between\">\n    <div class=\"w-full sm:w-1\/2\">\n        <h5 class=\"text-20px text-ccusDarkGray font-bold mb-3.5\">\n          Donde\n           &eacute;l \n          comenz\u00f3:\n        <\/h5>\n        <div class=\"text-18px\">\n          <p>&nbsp;<\/p>\n<ul>\n<li>Total de deuda no asegurada: $26.505.00<\/li>\n<li>Promedio de cargos de inter\u00e9s: $15.396.98<\/li>\n<li>Tiempo de pago: 13 a\u00f1os, 10 meses<\/li>\n<li>Total de Pagos Mensuales : $1.060.20<\/li>\n<\/ul>\n        <\/div>\n        <h5 class=\"text-20px text-ccusDarkGray font-bold mb-3.5\">Despu\u00e9s de registrarse en un plan de manejo de deudas:<\/h5>\n        <div class=\"text-18px\">\n          <p>&nbsp;<\/p>\n<ul>\n<li>Promedio de tasa de inter\u00e9s negociado: 7,50%<\/li>\n<li>Total de cargos de inter\u00e9s: $4.592.62<\/li>\n<li>Tiempo de pago: 4 a\u00f1os, 2 meses<\/li>\n<li>Total de Pagos Mensuales :$607.00<\/li>\n<\/ul>\n        <\/div>\n    <\/div>\n    <div class=\"w-full sm:w-1\/3 pt-3 relative\">\n      <div class=\"cs-savings-wrapper\">\n        <h5 class=\"text-ccusDarkGray font-bold\">Tiempo ahorrado<\/h5>\n        <p class=\"text-24px text-green-700 font-bold\">9 a\u00f1os, 6 meses<\/p>\n        <h5 class=\"text-ccusDarkGray font-bold\">Ahorros mensuales<\/h5>\n        <p class=\"text-24px text-green-700 font-bold\">$677.48<\/p>\n        <h5 class=\"text-ccusDarkGray font-bold\">Inter\u00e9s ahorrado<\/h5>\n        <p class=\"text-24px text-green-700 font-bold\">$16,901.60<\/p>\n      <\/div>\n    <\/div>\n  <\/div>\n<\/div><\/div>\n\n\n<div style=\"height:20px\" aria-hidden=\"true\" class=\"wp-block-spacer\"><\/div>\n\n\n<div class=\"relative max-w-5xl m-auto\">\n  \n<div class=\"swiper-slide case-study-slide has-cc-info-background-color has-background rounded-lg p-10\">\n  <h3 class=\"text-ccusDarkGray mb-5\">Casos de estudio<\/h3>\n  <blockquote>\n    <h4 class=\"text-30px text-ccusBlue font-bold mb-3\">\n      Jason\n      de\n      Sterling, IL    <\/h4>\n          <p class=\"text-20px text-ccusBlack font-bold mb-8\">\u201cEstoy muy agradecida que encontr\u00e9 esta ayuda en Internet. Consolidated Credit me ha sido un salvavidas.\n\u201d<\/p>\n      <\/blockquote>\n\n  <div class=\"flex flex-wrap justify-between\">\n    <div class=\"w-full sm:w-1\/2\">\n        <h5 class=\"text-20px text-ccusDarkGray font-bold mb-3.5\">\n          Donde\n           &eacute;l \n          comenz\u00f3:\n        <\/h5>\n        <div class=\"text-18px\">\n          <ul>\n<li>Total de deudas no aseguradas: $17.162.00<\/li>\n<li>Promedio de cargos de inter\u00e9s: $9.791.37<\/li>\n<li>Tiempo de pago: 12 a\u00f1os, 6 meses<\/li>\n<li>Total de pagos mensuales: $686.48<\/li>\n<\/ul>\n        <\/div>\n        <h5 class=\"text-20px text-ccusDarkGray font-bold mb-3.5\">Despu\u00e9s de registrarse en un plan de manejo de deudas:<\/h5>\n        <div class=\"text-18px\">\n          <ul>\n<li>Promedio de tasa de inter\u00e9s negociado: 2,25%<\/li>\n<li>Total de cargos de inter\u00e9s: $1.489.34<\/li>\n<li>Tiempo de pago: 4 a\u00f1os, 3 meses<\/li>\n<li>Total de pagos mensuales: $370.00<\/li>\n<\/ul>\n        <\/div>\n    <\/div>\n    <div class=\"w-full sm:w-1\/3 pt-3 relative\">\n      <div class=\"cs-savings-wrapper\">\n        <h5 class=\"text-ccusDarkGray font-bold\">Tiempo ahorrado<\/h5>\n        <p class=\"text-24px text-green-700 font-bold\">8 a\u00f1os, 3 meses<\/p>\n        <h5 class=\"text-ccusDarkGray font-bold\">Ahorros mensuales<\/h5>\n        <p class=\"text-24px text-green-700 font-bold\">$316.48<\/p>\n        <h5 class=\"text-ccusDarkGray font-bold\">Inter\u00e9s ahorrado<\/h5>\n        <p class=\"text-24px text-green-700 font-bold\">$8,302.03<\/p>\n      <\/div>\n    <\/div>\n  <\/div>\n<\/div><\/div>\n\n\n<div style=\"height:20px\" aria-hidden=\"true\" class=\"wp-block-spacer\"><\/div>\n\n\n<div class=\"relative max-w-5xl m-auto\">\n  \n<div class=\"swiper-slide case-study-slide has-cc-info-background-color has-background rounded-lg p-10\">\n  <h3 class=\"text-ccusDarkGray mb-5\">Casos de estudio<\/h3>\n  <blockquote>\n    <h4 class=\"text-30px text-ccusBlue font-bold mb-3\">\n      Roxann\n      de\n      Wichita Falls, TX    <\/h4>\n          <p class=\"text-20px text-ccusBlack font-bold mb-8\">\u201cLlamar a Consolidated Credit es la mejor decisi\u00f3n que pude haber hecho. Los consejeros son honestos, atentos y comprensivos. Se la recomiendo a todo el mundo.\n\u201d<\/p>\n      <\/blockquote>\n\n  <div class=\"flex flex-wrap justify-between\">\n    <div class=\"w-full sm:w-1\/2\">\n        <h5 class=\"text-20px text-ccusDarkGray font-bold mb-3.5\">\n          Donde\n           ella \n          comenz\u00f3:\n        <\/h5>\n        <div class=\"text-18px\">\n          <p>&nbsp;<\/p>\n<ul>\n<li>Total de deuda no asegurada: $28.957.00<\/li>\n<li>Promedio de cargos de inter\u00e9s: $16.445.78<\/li>\n<li>Tiempo de pago: 15 a\u00f1os, 4 meses<\/li>\n<li>Total de pagos mensuales: $1.176.32<\/li>\n<\/ul>\n        <\/div>\n        <h5 class=\"text-20px text-ccusDarkGray font-bold mb-3.5\">Despu\u00e9s de registrarse en un plan de manejo de deudas:<\/h5>\n        <div class=\"text-18px\">\n          <p>&nbsp;<\/p>\n<ul>\n<li>Promedio de inter\u00e9s negociado: 10,35%<\/li>\n<li>Total de cargos de inter\u00e9s: $3.594.00<\/li>\n<li>Tiempo de pago: 4 a\u00f1os, 3 meses<\/li>\n<li>Total de pagos mensuales: $627.00<\/li>\n<\/ul>\n        <\/div>\n    <\/div>\n    <div class=\"w-full sm:w-1\/3 pt-3 relative\">\n      <div class=\"cs-savings-wrapper\">\n        <h5 class=\"text-ccusDarkGray font-bold\">Tiempo ahorrado<\/h5>\n        <p class=\"text-24px text-green-700 font-bold\">11 a\u00f1os, 1 meses<\/p>\n        <h5 class=\"text-ccusDarkGray font-bold\">Ahorros mensuales<\/h5>\n        <p class=\"text-24px text-green-700 font-bold\">$549.32<\/p>\n        <h5 class=\"text-ccusDarkGray font-bold\">Inter\u00e9s ahorrado<\/h5>\n        <p class=\"text-24px text-green-700 font-bold\">$12,851.78<\/p>\n      <\/div>\n    <\/div>\n  <\/div>\n<\/div><\/div>\n\n\n<div style=\"height:20px\" aria-hidden=\"true\" class=\"wp-block-spacer\"><\/div>\n\n\n<div class=\"relative max-w-5xl m-auto\">\n  \n<div class=\"swiper-slide case-study-slide has-cc-info-background-color has-background rounded-lg p-10\">\n  <h3 class=\"text-ccusDarkGray mb-5\">Casos de estudio<\/h3>\n  <blockquote>\n    <h4 class=\"text-30px text-ccusBlue font-bold mb-3\">\n      Ken\n      de\n      Kent, WA    <\/h4>\n          <p class=\"text-20px text-ccusBlack font-bold mb-8\">\u201cConsolidated Credit me ayud\u00f3 cuando estuve pasando por unos momentos muy dif\u00edciles con mis finanzas. Hicieron un excelente trabajo.\n\u201d<\/p>\n      <\/blockquote>\n\n  <div class=\"flex flex-wrap justify-between\">\n    <div class=\"w-full sm:w-1\/2\">\n        <h5 class=\"text-20px text-ccusDarkGray font-bold mb-3.5\">\n          Donde\n           &eacute;l \n          comenz\u00f3:\n        <\/h5>\n        <div class=\"text-18px\">\n          <p>&nbsp;<\/p>\n<ul>\n<li>Total de deuda no asegurada: $22.923.00<\/li>\n<li>Promedio de cargos de inter\u00e9s: $12.994.84<\/li>\n<li>Tiempo de pago: 12 a\u00f1os, 2 meses<\/li>\n<li>Total de pagos mensuales: $916.92<\/li>\n<\/ul>\n        <\/div>\n        <h5 class=\"text-20px text-ccusDarkGray font-bold mb-3.5\">Despu\u00e9s de registrarse en un plan de manejo de deudas:<\/h5>\n        <div class=\"text-18px\">\n          <p>&nbsp;<\/p>\n<ul>\n<li>Promedio de inter\u00e9s negociado: 37%<\/li>\n<li>Total de cargos de inter\u00e9s: $1.741.97<\/li>\n<li>Tiempo de pago: 4 a\u00f1os, 5 meses<\/li>\n<li>Total de pagos mensuales: $455.00<\/li>\n<\/ul>\n        <\/div>\n    <\/div>\n    <div class=\"w-full sm:w-1\/3 pt-3 relative\">\n      <div class=\"cs-savings-wrapper\">\n        <h5 class=\"text-ccusDarkGray font-bold\">Tiempo ahorrado<\/h5>\n        <p class=\"text-24px text-green-700 font-bold\">7 a\u00f1os, 9 meses<\/p>\n        <h5 class=\"text-ccusDarkGray font-bold\">Ahorros mensuales<\/h5>\n        <p class=\"text-24px text-green-700 font-bold\">$461.92<\/p>\n        <h5 class=\"text-ccusDarkGray font-bold\">Inter\u00e9s ahorrado<\/h5>\n        <p class=\"text-24px text-green-700 font-bold\">$11,252.87<\/p>\n      <\/div>\n    <\/div>\n  <\/div>\n<\/div><\/div>\n\n\n<div style=\"height:20px\" aria-hidden=\"true\" class=\"wp-block-spacer\"><\/div>\n\n\n<div class=\"relative max-w-5xl m-auto\">\n  \n<div class=\"swiper-slide case-study-slide has-cc-info-background-color has-background rounded-lg p-10\">\n  <h3 class=\"text-ccusDarkGray mb-5\">Casos de estudio<\/h3>\n  <blockquote>\n    <h4 class=\"text-30px text-ccusBlue font-bold mb-3\">\n      Patricia\n      de\n      Virginia Beach, VA    <\/h4>\n          <p class=\"text-20px text-ccusBlack font-bold mb-8\">\u201cSe siente muy bien tener a alguien aqu\u00ed para ayudarme con mi cr\u00e9dito y a volverme a la normalidad.\n\u201d<\/p>\n      <\/blockquote>\n\n  <div class=\"flex flex-wrap justify-between\">\n    <div class=\"w-full sm:w-1\/2\">\n        <h5 class=\"text-20px text-ccusDarkGray font-bold mb-3.5\">\n          Donde\n           ella \n          comenz\u00f3:\n        <\/h5>\n        <div class=\"text-18px\">\n          <p>&nbsp;<\/p>\n<ul>\n<li>Total de deuda sin garant\u00eda: $14,913.00<\/li>\n<li>Cargos estimados de intereses: $8,062.30<\/li>\n<li>Tiempo para pagar todo: 10 a\u00f1os, 6 meses<\/li>\n<li>Pago mensual total: $596.52<\/li>\n<\/ul>\n        <\/div>\n        <h5 class=\"text-20px text-ccusDarkGray font-bold mb-3.5\">Despu\u00e9s de registrarse en un plan de manejo de deudas:<\/h5>\n        <div class=\"text-18px\">\n          <p>&nbsp;<\/p>\n<ul>\n<li>Inter\u00e9s promedio negociado: 79%<\/li>\n<li>Total de Intereses Cargados: $1,990.03<\/li>\n<li>Tiempo para pagar todo: 4 a\u00f1os, 7 meses<\/li>\n<li>Pagos mensuales totales: $309.00<\/li>\n<\/ul>\n        <\/div>\n    <\/div>\n    <div class=\"w-full sm:w-1\/3 pt-3 relative\">\n      <div class=\"cs-savings-wrapper\">\n        <h5 class=\"text-ccusDarkGray font-bold\">Tiempo ahorrado<\/h5>\n        <p class=\"text-24px text-green-700 font-bold\">5 a\u00f1os, 11 meses<\/p>\n        <h5 class=\"text-ccusDarkGray font-bold\">Ahorros mensuales<\/h5>\n        <p class=\"text-24px text-green-700 font-bold\">$287.52<\/p>\n        <h5 class=\"text-ccusDarkGray font-bold\">Inter\u00e9s ahorrado<\/h5>\n        <p class=\"text-24px text-green-700 font-bold\">$6,072.27<\/p>\n      <\/div>\n    <\/div>\n  <\/div>\n<\/div><\/div>\n\n\n<div style=\"height:20px\" aria-hidden=\"true\" class=\"wp-block-spacer\"><\/div>\n\n\n<div class=\"relative max-w-5xl m-auto\">\n  \n<div class=\"swiper-slide case-study-slide has-cc-info-background-color has-background rounded-lg p-10\">\n  <h3 class=\"text-ccusDarkGray mb-5\">Casos de estudio<\/h3>\n  <blockquote>\n    <h4 class=\"text-30px text-ccusBlue font-bold mb-3\">\n      Susan\n      de\n      Saint Paul, MN    <\/h4>\n          <p class=\"text-20px text-ccusBlack font-bold mb-8\">\u201cEste programa ha sido una gran ayuda. \u00a1Gracias Consolidated Credit!\n\u201d<\/p>\n      <\/blockquote>\n\n  <div class=\"flex flex-wrap justify-between\">\n    <div class=\"w-full sm:w-1\/2\">\n        <h5 class=\"text-20px text-ccusDarkGray font-bold mb-3.5\">\n          Donde\n           ella \n          comenz\u00f3:\n        <\/h5>\n        <div class=\"text-18px\">\n          <ul>\n<li>Total de deuda no asegurada: $18.090.00<\/li>\n<li>Promedio de cargos de inter\u00e9s: $9.867.62<\/li>\n<li>Tiempo de pago: 11 a\u00f1os, 2 meses<\/li>\n<li>Total de pagos mensuales: $732.00<\/li>\n<\/ul>\n        <\/div>\n        <h5 class=\"text-20px text-ccusDarkGray font-bold mb-3.5\">Despu\u00e9s de registrarse en un plan de manejo de deudas:<\/h5>\n        <div class=\"text-18px\">\n          <ul>\n<li>Promedio de tasa de inter\u00e9s negociado: 5,05%<\/li>\n<li>Total de cargos de inter\u00e9s: $1.049.95<\/li>\n<li>Tiempo de pago: 4 a\u00f1os, 2 meses<\/li>\n<li>Total de pagos mensuales: $383.00<\/li>\n<\/ul>\n        <\/div>\n    <\/div>\n    <div class=\"w-full sm:w-1\/3 pt-3 relative\">\n      <div class=\"cs-savings-wrapper\">\n        <h5 class=\"text-ccusDarkGray font-bold\">Tiempo ahorrado<\/h5>\n        <p class=\"text-24px text-green-700 font-bold\">7 a\u00f1os<\/p>\n        <h5 class=\"text-ccusDarkGray font-bold\">Ahorros mensuales<\/h5>\n        <p class=\"text-24px text-green-700 font-bold\">$349.20<\/p>\n        <h5 class=\"text-ccusDarkGray font-bold\">Inter\u00e9s ahorrado<\/h5>\n        <p class=\"text-24px text-green-700 font-bold\">$8,817.67<\/p>\n      <\/div>\n    <\/div>\n  <\/div>\n<\/div><\/div><\/div>\n\n\n\n<div class=\"wp-block-group alignfull has-cc-primary-background-color has-background has-global-padding is-layout-constrained wp-block-group-is-layout-constrained\" style=\"padding-top:0;padding-bottom:0\">\n<script src=\"https:\/\/resources.venturetechsolutions.com\/calculators\/vt-dmp3-calculator\/bundle.min.js?v=32\" type=\"text\/javascript\"><\/script>\n<div class=\"dmp-calc-wrapper has-cc-primary-background-color has-background py-24\">\n    <div id=\"vtDMP_V3calc\"><\/div>\n<\/div> \n<script>\n    VTDMP_V3_Calculator.init({\n        selector: \"vtDMP_V3calc\",\n        lan: 'es',\n        ctaID: \"#LeadForm\",\n        ctaOpenModal: true,\n        phoneNumber : \"1-800-320-9929\",\n    });\n<\/script><\/div>\n","protected":false},"excerpt":{"rendered":"","protected":false},"author":1,"featured_media":0,"parent":58562,"menu_order":3,"comment_status":"closed","ping_status":"closed","template":"","meta":{"_acf_changed":false,"footnotes":""},"class_list":["post-58586","page","type-page","status-publish","hentry"],"acf":[],"yoast_head":"<!-- This site is optimized with the Yoast SEO plugin v26.9 - https:\/\/yoast.com\/product\/yoast-seo-wordpress\/ -->\n<title>Clientes que Hemos Ayudado | Consolidated Credit<\/title>\n<meta name=\"robots\" content=\"index, follow, max-snippet:-1, max-image-preview:large, max-video-preview:-1\" \/>\n<link rel=\"canonical\" href=\"https:\/\/www.consolidatedcredithere.com\/es\/clientes-que-hemos-ayudado\/\" \/>\n<meta property=\"og:locale\" content=\"es_ES\" \/>\n<meta property=\"og:type\" content=\"article\" \/>\n<meta property=\"og:title\" content=\"Clientes que Hemos Ayudado | Consolidated Credit\" \/>\n<meta property=\"og:url\" content=\"https:\/\/www.consolidatedcredithere.com\/es\/clientes-que-hemos-ayudado\/\" \/>\n<meta property=\"og:site_name\" content=\"Consolidated Credit\" \/>\n<meta property=\"article:modified_time\" content=\"2024-05-02T15:58:31+00:00\" \/>\n<meta name=\"twitter:card\" content=\"summary_large_image\" \/>\n<script type=\"application\/ld+json\" class=\"yoast-schema-graph\">{\"@context\":\"https:\/\/schema.org\",\"@graph\":[{\"@type\":\"WebPage\",\"@id\":\"https:\/\/www.consolidatedcredithere.com\/es\/clientes-que-hemos-ayudado\/\",\"url\":\"https:\/\/www.consolidatedcredithere.com\/es\/clientes-que-hemos-ayudado\/\",\"name\":\"Clientes que Hemos Ayudado | Consolidated Credit\",\"isPartOf\":{\"@id\":\"https:\/\/www.consolidatedcredithere.com\/#website\"},\"datePublished\":\"2024-05-02T15:51:48+00:00\",\"dateModified\":\"2024-05-02T15:58:31+00:00\",\"breadcrumb\":{\"@id\":\"https:\/\/www.consolidatedcredithere.com\/es\/clientes-que-hemos-ayudado\/#breadcrumb\"},\"inLanguage\":\"es\",\"potentialAction\":[{\"@type\":\"ReadAction\",\"target\":[\"https:\/\/www.consolidatedcredithere.com\/es\/clientes-que-hemos-ayudado\/\"]}]},{\"@type\":\"BreadcrumbList\",\"@id\":\"https:\/\/www.consolidatedcredithere.com\/es\/clientes-que-hemos-ayudado\/#breadcrumb\",\"itemListElement\":[{\"@type\":\"ListItem\",\"position\":1,\"name\":\"Home\",\"item\":\"https:\/\/www.consolidatedcredithere.com\/es\/\"},{\"@type\":\"ListItem\",\"position\":2,\"name\":\"Inicio\",\"item\":\"https:\/\/www.consolidatedcredithere.com\/es\/\"},{\"@type\":\"ListItem\",\"position\":3,\"name\":\"Clientes que Hemos Ayudado\"}]},{\"@type\":\"WebSite\",\"@id\":\"https:\/\/www.consolidatedcredithere.com\/#website\",\"url\":\"https:\/\/www.consolidatedcredithere.com\/\",\"name\":\"Consolidated Credit\",\"description\":\"Consolidated Credit\",\"potentialAction\":[{\"@type\":\"SearchAction\",\"target\":{\"@type\":\"EntryPoint\",\"urlTemplate\":\"https:\/\/www.consolidatedcredithere.com\/?s={search_term_string}\"},\"query-input\":{\"@type\":\"PropertyValueSpecification\",\"valueRequired\":true,\"valueName\":\"search_term_string\"}}],\"inLanguage\":\"es\"}]}<\/script>\n<!-- \/ Yoast SEO plugin. -->","yoast_head_json":{"title":"Clientes que Hemos Ayudado | Consolidated Credit","robots":{"index":"index","follow":"follow","max-snippet":"max-snippet:-1","max-image-preview":"max-image-preview:large","max-video-preview":"max-video-preview:-1"},"canonical":"https:\/\/www.consolidatedcredithere.com\/es\/clientes-que-hemos-ayudado\/","og_locale":"es_ES","og_type":"article","og_title":"Clientes que Hemos Ayudado | Consolidated Credit","og_url":"https:\/\/www.consolidatedcredithere.com\/es\/clientes-que-hemos-ayudado\/","og_site_name":"Consolidated Credit","article_modified_time":"2024-05-02T15:58:31+00:00","twitter_card":"summary_large_image","schema":{"@context":"https:\/\/schema.org","@graph":[{"@type":"WebPage","@id":"https:\/\/www.consolidatedcredithere.com\/es\/clientes-que-hemos-ayudado\/","url":"https:\/\/www.consolidatedcredithere.com\/es\/clientes-que-hemos-ayudado\/","name":"Clientes que Hemos Ayudado | Consolidated Credit","isPartOf":{"@id":"https:\/\/www.consolidatedcredithere.com\/#website"},"datePublished":"2024-05-02T15:51:48+00:00","dateModified":"2024-05-02T15:58:31+00:00","breadcrumb":{"@id":"https:\/\/www.consolidatedcredithere.com\/es\/clientes-que-hemos-ayudado\/#breadcrumb"},"inLanguage":"es","potentialAction":[{"@type":"ReadAction","target":["https:\/\/www.consolidatedcredithere.com\/es\/clientes-que-hemos-ayudado\/"]}]},{"@type":"BreadcrumbList","@id":"https:\/\/www.consolidatedcredithere.com\/es\/clientes-que-hemos-ayudado\/#breadcrumb","itemListElement":[{"@type":"ListItem","position":1,"name":"Home","item":"https:\/\/www.consolidatedcredithere.com\/es\/"},{"@type":"ListItem","position":2,"name":"Inicio","item":"https:\/\/www.consolidatedcredithere.com\/es\/"},{"@type":"ListItem","position":3,"name":"Clientes que Hemos Ayudado"}]},{"@type":"WebSite","@id":"https:\/\/www.consolidatedcredithere.com\/#website","url":"https:\/\/www.consolidatedcredithere.com\/","name":"Consolidated Credit","description":"Consolidated Credit","potentialAction":[{"@type":"SearchAction","target":{"@type":"EntryPoint","urlTemplate":"https:\/\/www.consolidatedcredithere.com\/?s={search_term_string}"},"query-input":{"@type":"PropertyValueSpecification","valueRequired":true,"valueName":"search_term_string"}}],"inLanguage":"es"}]}},"_links":{"self":[{"href":"https:\/\/www.consolidatedcredithere.com\/es\/wp-json\/wp\/v2\/pages\/58586","targetHints":{"allow":["GET"]}}],"collection":[{"href":"https:\/\/www.consolidatedcredithere.com\/es\/wp-json\/wp\/v2\/pages"}],"about":[{"href":"https:\/\/www.consolidatedcredithere.com\/es\/wp-json\/wp\/v2\/types\/page"}],"author":[{"embeddable":true,"href":"https:\/\/www.consolidatedcredithere.com\/es\/wp-json\/wp\/v2\/users\/1"}],"replies":[{"embeddable":true,"href":"https:\/\/www.consolidatedcredithere.com\/es\/wp-json\/wp\/v2\/comments?post=58586"}],"version-history":[{"count":3,"href":"https:\/\/www.consolidatedcredithere.com\/es\/wp-json\/wp\/v2\/pages\/58586\/revisions"}],"predecessor-version":[{"id":58591,"href":"https:\/\/www.consolidatedcredithere.com\/es\/wp-json\/wp\/v2\/pages\/58586\/revisions\/58591"}],"up":[{"embeddable":true,"href":"https:\/\/www.consolidatedcredithere.com\/es\/wp-json\/wp\/v2\/pages\/58562"}],"wp:attachment":[{"href":"https:\/\/www.consolidatedcredithere.com\/es\/wp-json\/wp\/v2\/media?parent=58586"}],"curies":[{"name":"wp","href":"https:\/\/api.w.org\/{rel}","templated":true}]}}