
{"id":58568,"date":"2024-05-02T15:33:38","date_gmt":"2024-05-02T15:33:38","guid":{"rendered":"https:\/\/www.consolidatedcredithere.com\/?page_id=58568"},"modified":"2024-05-02T19:07:04","modified_gmt":"2024-05-02T19:07:04","slug":"30-anos-de-historia","status":"publish","type":"page","link":"https:\/\/www.consolidatedcredithere.com\/es\/30-anos-de-historia\/","title":{"rendered":"30 A\u00f1os de Historia"},"content":{"rendered":"\n<div class=\"wp-block-group alignfull has-background has-global-padding is-layout-constrained wp-block-group-is-layout-constrained\" style=\"background-color:#eef2f5;padding-top:var(--wp--preset--spacing--40);padding-bottom:var(--wp--preset--spacing--40)\">\n<div class=\"wp-block-columns alignwide container is-layout-flex wp-container-core-columns-is-layout-28f84493 wp-block-columns-is-layout-flex\">\n<div class=\"wp-block-column is-layout-flow wp-block-column-is-layout-flow\" style=\"flex-basis:33.33%\">\n<figure class=\"wp-block-image size-full\"><img loading=\"lazy\" decoding=\"async\" width=\"500\" height=\"333\" src=\"https:\/\/www.consolidatedcredithere.com\/wp-content\/uploads\/2024\/05\/image.jpeg\" alt=\"Stressing Over Financial Issues\" class=\"wp-image-58569\" srcset=\"https:\/\/www.consolidatedcredithere.com\/wp-content\/uploads\/2024\/05\/image.jpeg 500w, https:\/\/www.consolidatedcredithere.com\/wp-content\/uploads\/2024\/05\/image-300x200.jpeg 300w\" sizes=\"auto, (max-width: 500px) 100vw, 500px\" \/><\/figure>\n<\/div>\n\n\n\n<div class=\"wp-block-column is-layout-flow wp-block-column-is-layout-flow\" style=\"flex-basis:66.66%\">\n<ul class=\"wp-block-list\" id=\"hcList\">\n<li>Consolidated Credit ha ayudado a m\u00e1s de 10 millones de personas a ahorrar miles de d\u00f3lares con sus deudas de tarjetas de cr\u00e9dito desde que fue fundada hace m\u00e1s de 30 a\u00f1os atr\u00e1s. Nuestra misi\u00f3n, como una de las agencias de consejer\u00eda de cr\u00e9dito m\u00e1s grande del pa\u00eds es la de ayudarlo con un plan que se ajuste a sus circunstancias financieras futuras y actuales.<\/li>\n\n\n\n<li>Ll\u00e1menos a cualquier momento al&nbsp;(855) 906-3523&nbsp;para recibir un an\u00e1lisis de deudas y presupuesto completamente gratis y personalizado. Estamos listos para trabajar con usted.<\/li>\n<\/ul>\n\n\n\n<p class=\"has-text-align-right\">OBTENGA AYUDA AHORA MISMO <a class=\"tracking-phone-click\" href=\"tel:8447392906\"><span class=\"tracking-phone\">8447392906<\/span><\/a><\/p>\n<\/div>\n<\/div>\n<\/div>\n\n\n\n<div class=\"wp-block-group text-center has-global-padding is-layout-constrained wp-block-group-is-layout-constrained\" style=\"padding-top:var(--wp--preset--spacing--40);padding-bottom:var(--wp--preset--spacing--40)\">\n<h2 class=\"wp-block-heading\">Personas que hemos ayudado\u2026<\/h2>\n\n\n\n<div class=\"wp-block-columns is-layout-flex wp-container-core-columns-is-layout-28f84493 wp-block-columns-is-layout-flex\">\n<div class=\"wp-block-column is-layout-flow wp-block-column-is-layout-flow\">\n<figure class=\"wp-block-image aligncenter size-full\"><img decoding=\"async\" src=\"https:\/\/www.consolidatedcredithere.com\/wp-content\/uploads\/2025\/05\/Roxann.png\" alt=\"Roxann\" class=\"wp-image-58537\"\/><\/figure>\n\n\n\n<h4 class=\"wp-block-heading\">Roxann<\/h4>\n\n\n\n<h5 class=\"wp-block-heading\">Wichita Falls, TX<\/h5>\n\n\n\n<p>\u201cConsolidated Credit es lo mejor que pude haber hecho. Fueron honestos, cuidadosos y comprensivos conmigo. Los he recomendado una y otra vez.\u201d<\/p>\n<\/div>\n\n\n\n<div class=\"wp-block-column is-layout-flow wp-block-column-is-layout-flow\">\n<figure class=\"wp-block-image aligncenter size-full\"><img decoding=\"async\" src=\"https:\/\/www.consolidatedcredithere.com\/wp-content\/uploads\/2025\/05\/Christopher.png\" alt=\"Christopher\" class=\"wp-image-58539\"\/><\/figure>\n\n\n\n<h4 class=\"wp-block-heading\">Christopher<\/h4>\n\n\n\n<h5 class=\"wp-block-heading\">New York, NY<\/h5>\n\n\n\n<p>\u201cConsolidated Credit me ayud\u00f3 a salir de las deudas r\u00e1pidamente. Los representantes de servicio al cliente son muy amables y comprensivos. Su programa de manejo de deudas es el mejor.\u201d<\/p>\n<\/div>\n\n\n\n<div class=\"wp-block-column is-layout-flow wp-block-column-is-layout-flow\">\n<figure class=\"wp-block-image aligncenter size-full\"><img decoding=\"async\" src=\"https:\/\/www.consolidatedcredithere.com\/wp-content\/uploads\/2025\/05\/Denise.png\" alt=\"Denise\" class=\"wp-image-58541\"\/><\/figure>\n\n\n\n<h4 class=\"wp-block-heading\">Denise<\/h4>\n\n\n\n<h5 class=\"wp-block-heading\">Valencia, CA<\/h5>\n\n\n\n<p>\u201cConsolid\u00e9 mis tarjetas de cr\u00e9dito de manera tan r\u00e1pida y eficiente con este programa. \u00a1Consolidated Credit lo hizo todo tan f\u00e1cil!\u201d<\/p>\n<\/div>\n<\/div>\n\n\n\n<p class=\"has-small-font-size\">*Todos los testimonios son de nuestros clientes. Nosotros respetamos la privacidad de nuestros clientes Por solicitud de ellos, algunas de las fotos usadas pueden no ser fotos actuales del cliente.<\/p>\n<\/div>\n\n\n\n<div class=\"wp-block-group alignfull has-cc-primary-background-color has-background has-global-padding is-layout-constrained wp-block-group-is-layout-constrained\" style=\"padding-top:0;padding-bottom:0\">\n\ufeff<script src=\"https:\/\/resources.venturetechsolutions.com\/calculators\/vt-dmp-calculator\/bundle.min.js?v=32\" type=\"text\/javascript\"><\/script>\n<div class=\"dmp-calc-wrapper has-cc-primary-background-color has-background py-24\">\n    <div id=\"vtDMPcalc\"><\/div>\n<\/div> \n<script>\n    VTDMPCalculator.init({\n        selector: \"vtDMPcalc\",\n        lan: 'es',\n        ctaID: \"#LeadForm\",\n        ctaOpenModal: true,\n        phoneNumber : \"1-800-320-9929\",\n    });\n<\/script><\/div>\n\n\n\n<div class=\"wp-block-group text-center has-global-padding is-layout-constrained wp-block-group-is-layout-constrained\" style=\"padding-top:var(--wp--preset--spacing--40);padding-bottom:var(--wp--preset--spacing--40)\">\n<h4 class=\"wp-block-heading\">ASISTENCIA INMEDIATA<\/h4>\n\n\n\n<h4 class=\"wp-block-heading\"><a class=\"tracking-phone-click\" href=\"tel:8447392906\"><span class=\"tracking-phone\">8447392906<\/span><\/a><\/h4>\n<\/div>\n","protected":false},"excerpt":{"rendered":"<p>OBTENGA AYUDA AHORA MISMO Personas que hemos ayudado\u2026 Roxann Wichita Falls, TX \u201cConsolidated Credit es lo mejor que pude haber hecho. Fueron honestos, cuidadosos y comprensivos conmigo. Los he recomendado una y otra vez.\u201d Christopher New York, NY \u201cConsolidated Credit me ayud\u00f3 a salir de las deudas r\u00e1pidamente. Los representantes de servicio al cliente son [&hellip;]<\/p>\n","protected":false},"author":1,"featured_media":0,"parent":58562,"menu_order":0,"comment_status":"closed","ping_status":"closed","template":"","meta":{"_acf_changed":false,"footnotes":""},"class_list":["post-58568","page","type-page","status-publish","hentry"],"acf":[],"yoast_head":"<!-- This site is optimized with the Yoast SEO plugin v26.9 - https:\/\/yoast.com\/product\/yoast-seo-wordpress\/ -->\n<title>30 A\u00f1os de Historia | Consolidated Credit<\/title>\n<meta name=\"robots\" content=\"index, follow, max-snippet:-1, max-image-preview:large, max-video-preview:-1\" \/>\n<link rel=\"canonical\" href=\"https:\/\/www.consolidatedcredithere.com\/es\/30-anos-de-historia\/\" \/>\n<meta property=\"og:locale\" content=\"es_ES\" \/>\n<meta property=\"og:type\" content=\"article\" \/>\n<meta property=\"og:title\" content=\"30 A\u00f1os de Historia | Consolidated Credit\" \/>\n<meta property=\"og:description\" content=\"OBTENGA AYUDA AHORA MISMO Personas que hemos ayudado\u2026 Roxann Wichita Falls, TX \u201cConsolidated Credit es lo mejor que pude haber hecho. Fueron honestos, cuidadosos y comprensivos conmigo. Los he recomendado una y otra vez.\u201d Christopher New York, NY \u201cConsolidated Credit me ayud\u00f3 a salir de las deudas r\u00e1pidamente. Los representantes de servicio al cliente son [&hellip;]\" \/>\n<meta property=\"og:url\" content=\"https:\/\/www.consolidatedcredithere.com\/es\/30-anos-de-historia\/\" \/>\n<meta property=\"og:site_name\" content=\"Consolidated Credit\" \/>\n<meta property=\"article:modified_time\" content=\"2024-05-02T19:07:04+00:00\" \/>\n<meta property=\"og:image\" content=\"https:\/\/www.consolidatedcredithere.com\/wp-content\/uploads\/2024\/05\/image.jpeg\" \/>\n<meta name=\"twitter:card\" content=\"summary_large_image\" \/>\n<meta name=\"twitter:label1\" content=\"Tiempo de lectura\" \/>\n\t<meta name=\"twitter:data1\" content=\"2 minutos\" \/>\n<script type=\"application\/ld+json\" class=\"yoast-schema-graph\">{\"@context\":\"https:\/\/schema.org\",\"@graph\":[{\"@type\":\"WebPage\",\"@id\":\"https:\/\/www.consolidatedcredithere.com\/es\/30-anos-de-historia\/\",\"url\":\"https:\/\/www.consolidatedcredithere.com\/es\/30-anos-de-historia\/\",\"name\":\"30 A\u00f1os de Historia | Consolidated Credit\",\"isPartOf\":{\"@id\":\"https:\/\/www.consolidatedcredithere.com\/#website\"},\"primaryImageOfPage\":{\"@id\":\"https:\/\/www.consolidatedcredithere.com\/es\/30-anos-de-historia\/#primaryimage\"},\"image\":{\"@id\":\"https:\/\/www.consolidatedcredithere.com\/es\/30-anos-de-historia\/#primaryimage\"},\"thumbnailUrl\":\"https:\/\/www.consolidatedcredithere.com\/wp-content\/uploads\/2024\/05\/image.jpeg\",\"datePublished\":\"2024-05-02T15:33:38+00:00\",\"dateModified\":\"2024-05-02T19:07:04+00:00\",\"breadcrumb\":{\"@id\":\"https:\/\/www.consolidatedcredithere.com\/es\/30-anos-de-historia\/#breadcrumb\"},\"inLanguage\":\"es\",\"potentialAction\":[{\"@type\":\"ReadAction\",\"target\":[\"https:\/\/www.consolidatedcredithere.com\/es\/30-anos-de-historia\/\"]}]},{\"@type\":\"ImageObject\",\"inLanguage\":\"es\",\"@id\":\"https:\/\/www.consolidatedcredithere.com\/es\/30-anos-de-historia\/#primaryimage\",\"url\":\"https:\/\/www.consolidatedcredithere.com\/wp-content\/uploads\/2024\/05\/image.jpeg\",\"contentUrl\":\"https:\/\/www.consolidatedcredithere.com\/wp-content\/uploads\/2024\/05\/image.jpeg\"},{\"@type\":\"BreadcrumbList\",\"@id\":\"https:\/\/www.consolidatedcredithere.com\/es\/30-anos-de-historia\/#breadcrumb\",\"itemListElement\":[{\"@type\":\"ListItem\",\"position\":1,\"name\":\"Home\",\"item\":\"https:\/\/www.consolidatedcredithere.com\/es\/\"},{\"@type\":\"ListItem\",\"position\":2,\"name\":\"Inicio\",\"item\":\"https:\/\/www.consolidatedcredithere.com\/es\/\"},{\"@type\":\"ListItem\",\"position\":3,\"name\":\"30 A\u00f1os de Historia\"}]},{\"@type\":\"WebSite\",\"@id\":\"https:\/\/www.consolidatedcredithere.com\/#website\",\"url\":\"https:\/\/www.consolidatedcredithere.com\/\",\"name\":\"Consolidated Credit\",\"description\":\"Consolidated Credit\",\"potentialAction\":[{\"@type\":\"SearchAction\",\"target\":{\"@type\":\"EntryPoint\",\"urlTemplate\":\"https:\/\/www.consolidatedcredithere.com\/?s={search_term_string}\"},\"query-input\":{\"@type\":\"PropertyValueSpecification\",\"valueRequired\":true,\"valueName\":\"search_term_string\"}}],\"inLanguage\":\"es\"}]}<\/script>\n<!-- \/ Yoast SEO plugin. -->","yoast_head_json":{"title":"30 A\u00f1os de Historia | Consolidated Credit","robots":{"index":"index","follow":"follow","max-snippet":"max-snippet:-1","max-image-preview":"max-image-preview:large","max-video-preview":"max-video-preview:-1"},"canonical":"https:\/\/www.consolidatedcredithere.com\/es\/30-anos-de-historia\/","og_locale":"es_ES","og_type":"article","og_title":"30 A\u00f1os de Historia | Consolidated Credit","og_description":"OBTENGA AYUDA AHORA MISMO Personas que hemos ayudado\u2026 Roxann Wichita Falls, TX \u201cConsolidated Credit es lo mejor que pude haber hecho. Fueron honestos, cuidadosos y comprensivos conmigo. Los he recomendado una y otra vez.\u201d Christopher New York, NY \u201cConsolidated Credit me ayud\u00f3 a salir de las deudas r\u00e1pidamente. Los representantes de servicio al cliente son [&hellip;]","og_url":"https:\/\/www.consolidatedcredithere.com\/es\/30-anos-de-historia\/","og_site_name":"Consolidated Credit","article_modified_time":"2024-05-02T19:07:04+00:00","og_image":[{"url":"https:\/\/www.consolidatedcredithere.com\/wp-content\/uploads\/2024\/05\/image.jpeg","type":"","width":"","height":""}],"twitter_card":"summary_large_image","twitter_misc":{"Tiempo de lectura":"2 minutos"},"schema":{"@context":"https:\/\/schema.org","@graph":[{"@type":"WebPage","@id":"https:\/\/www.consolidatedcredithere.com\/es\/30-anos-de-historia\/","url":"https:\/\/www.consolidatedcredithere.com\/es\/30-anos-de-historia\/","name":"30 A\u00f1os de Historia | Consolidated Credit","isPartOf":{"@id":"https:\/\/www.consolidatedcredithere.com\/#website"},"primaryImageOfPage":{"@id":"https:\/\/www.consolidatedcredithere.com\/es\/30-anos-de-historia\/#primaryimage"},"image":{"@id":"https:\/\/www.consolidatedcredithere.com\/es\/30-anos-de-historia\/#primaryimage"},"thumbnailUrl":"https:\/\/www.consolidatedcredithere.com\/wp-content\/uploads\/2024\/05\/image.jpeg","datePublished":"2024-05-02T15:33:38+00:00","dateModified":"2024-05-02T19:07:04+00:00","breadcrumb":{"@id":"https:\/\/www.consolidatedcredithere.com\/es\/30-anos-de-historia\/#breadcrumb"},"inLanguage":"es","potentialAction":[{"@type":"ReadAction","target":["https:\/\/www.consolidatedcredithere.com\/es\/30-anos-de-historia\/"]}]},{"@type":"ImageObject","inLanguage":"es","@id":"https:\/\/www.consolidatedcredithere.com\/es\/30-anos-de-historia\/#primaryimage","url":"https:\/\/www.consolidatedcredithere.com\/wp-content\/uploads\/2024\/05\/image.jpeg","contentUrl":"https:\/\/www.consolidatedcredithere.com\/wp-content\/uploads\/2024\/05\/image.jpeg"},{"@type":"BreadcrumbList","@id":"https:\/\/www.consolidatedcredithere.com\/es\/30-anos-de-historia\/#breadcrumb","itemListElement":[{"@type":"ListItem","position":1,"name":"Home","item":"https:\/\/www.consolidatedcredithere.com\/es\/"},{"@type":"ListItem","position":2,"name":"Inicio","item":"https:\/\/www.consolidatedcredithere.com\/es\/"},{"@type":"ListItem","position":3,"name":"30 A\u00f1os de Historia"}]},{"@type":"WebSite","@id":"https:\/\/www.consolidatedcredithere.com\/#website","url":"https:\/\/www.consolidatedcredithere.com\/","name":"Consolidated Credit","description":"Consolidated Credit","potentialAction":[{"@type":"SearchAction","target":{"@type":"EntryPoint","urlTemplate":"https:\/\/www.consolidatedcredithere.com\/?s={search_term_string}"},"query-input":{"@type":"PropertyValueSpecification","valueRequired":true,"valueName":"search_term_string"}}],"inLanguage":"es"}]}},"_links":{"self":[{"href":"https:\/\/www.consolidatedcredithere.com\/es\/wp-json\/wp\/v2\/pages\/58568","targetHints":{"allow":["GET"]}}],"collection":[{"href":"https:\/\/www.consolidatedcredithere.com\/es\/wp-json\/wp\/v2\/pages"}],"about":[{"href":"https:\/\/www.consolidatedcredithere.com\/es\/wp-json\/wp\/v2\/types\/page"}],"author":[{"embeddable":true,"href":"https:\/\/www.consolidatedcredithere.com\/es\/wp-json\/wp\/v2\/users\/1"}],"replies":[{"embeddable":true,"href":"https:\/\/www.consolidatedcredithere.com\/es\/wp-json\/wp\/v2\/comments?post=58568"}],"version-history":[{"count":3,"href":"https:\/\/www.consolidatedcredithere.com\/es\/wp-json\/wp\/v2\/pages\/58568\/revisions"}],"predecessor-version":[{"id":58637,"href":"https:\/\/www.consolidatedcredithere.com\/es\/wp-json\/wp\/v2\/pages\/58568\/revisions\/58637"}],"up":[{"embeddable":true,"href":"https:\/\/www.consolidatedcredithere.com\/es\/wp-json\/wp\/v2\/pages\/58562"}],"wp:attachment":[{"href":"https:\/\/www.consolidatedcredithere.com\/es\/wp-json\/wp\/v2\/media?parent=58568"}],"curies":[{"name":"wp","href":"https:\/\/api.w.org\/{rel}","templated":true}]}}